{"id":100,"date":"2015-02-05T09:59:09","date_gmt":"2015-02-05T09:59:09","guid":{"rendered":"http:\/\/pohorje-turizem.com\/turizem\/?page_id=100"},"modified":"2021-12-03T14:09:41","modified_gmt":"2021-12-03T14:09:41","slug":"kontakt","status":"publish","type":"page","link":"http:\/\/pohorje-turizem.com\/turizem\/kontakt","title":{"rendered":"Kontakt"},"content":{"rendered":"\n<p><strong>Delovni \u010das:<\/strong><\/p>\n\n\n\n<p>Pon &#8211; pet : 8.00 do 16.00<\/p>\n\n\n\n<p>Sobota, nedelja in prazniki ZAPRTO<\/p>\n\n\n\n<div class=\"wp-block-columns has-2-columns is-layout-flex wp-container-3\">\n<div class=\"wp-block-column is-layout-flow\"><\/div>\n\n\n\n<div class=\"wp-block-column is-layout-flow\">\n<p><strong>PRODAJA IN REZERVACIJE<br><\/strong><\/p>\n\n\n\n<figure class=\"wp-block-image\"><a href=\"http:\/\/pohorje-turizem.com\/turizem\/wp-content\/uploads\/2015\/02\/Arina.jpg\"><img decoding=\"async\" loading=\"lazy\" width=\"700\" height=\"466\" src=\"http:\/\/pohorje-turizem.com\/turizem\/wp-content\/uploads\/2019\/03\/Arina-prikazna-700x466.jpg\" alt=\"\" class=\"wp-image-5841\" srcset=\"http:\/\/pohorje-turizem.com\/turizem\/wp-content\/uploads\/2019\/03\/Arina-prikazna.jpg 700w, http:\/\/pohorje-turizem.com\/turizem\/wp-content\/uploads\/2019\/03\/Arina-prikazna-250x166.jpg 250w, http:\/\/pohorje-turizem.com\/turizem\/wp-content\/uploads\/2019\/03\/Arina-prikazna-120x80.jpg 120w\" sizes=\"(max-width: 700px) 100vw, 700px\" \/><\/a><figcaption>Arina Pu\u0161nik<\/figcaption><\/figure>\n\n\n\n<p><em><strong>Arina Pu\u0161nik<\/strong> <\/em><\/p>\n\n\n\n<p>Tel: +386 (0)2 843 0554<br>Fax: + 386 (0)2 843 0552<\/p>\n\n\n\n<p>arina@pohorje-turizem.com<\/p>\n<\/div>\n<\/div>\n\n\n\n<div class=\"wp-block-columns has-2-columns is-layout-flex wp-container-6\">\n<div class=\"wp-block-column is-layout-flow\">\n<p><strong>PREVOZNI\u0160TVO<\/strong><\/p>\n\n\n\n<figure class=\"wp-block-image\"><a href=\"http:\/\/pohorje-turizem.com\/turizem\/wp-content\/uploads\/2015\/02\/Urban.jpg\"><img decoding=\"async\" loading=\"lazy\" width=\"700\" height=\"466\" src=\"http:\/\/pohorje-turizem.com\/turizem\/wp-content\/uploads\/2019\/03\/Urban-prikazna-700x466.jpg\" alt=\"\" class=\"wp-image-5838\" srcset=\"http:\/\/pohorje-turizem.com\/turizem\/wp-content\/uploads\/2019\/03\/Urban-prikazna.jpg 700w, http:\/\/pohorje-turizem.com\/turizem\/wp-content\/uploads\/2019\/03\/Urban-prikazna-250x166.jpg 250w, http:\/\/pohorje-turizem.com\/turizem\/wp-content\/uploads\/2019\/03\/Urban-prikazna-120x80.jpg 120w\" sizes=\"(max-width: 700px) 100vw, 700px\" \/><\/a><figcaption>Urban Obrovnik<\/figcaption><\/figure>\n\n\n\n<p><strong><em>Urban Obrovnik<br><\/em><\/strong><\/p>\n\n\n\n<p>Tel: +386 (0)2 843 0550<br>Fax: -386 (0)2 843 0552<br>Gsm: +386 (0)51 331 990 (de\u017eurna \u0161tevilka izven delovnega \u010dasa za nujne primere)<\/p>\n\n\n\n<p>urban@pohorje-turizem.com<\/p>\n<\/div>\n\n\n\n<div class=\"wp-block-column is-layout-flow\">\n<p><strong>RA\u010cUNOVODSTVO<\/strong><\/p>\n\n\n\n<figure class=\"wp-block-image\"><a href=\"http:\/\/pohorje-turizem.com\/turizem\/wp-content\/uploads\/2015\/02\/Anita.jpg\"><img decoding=\"async\" loading=\"lazy\" width=\"700\" height=\"466\" src=\"http:\/\/pohorje-turizem.com\/turizem\/wp-content\/uploads\/2019\/03\/Anita-prikazna-700x466.jpg\" alt=\"\" class=\"wp-image-5836\" srcset=\"http:\/\/pohorje-turizem.com\/turizem\/wp-content\/uploads\/2019\/03\/Anita-prikazna.jpg 700w, http:\/\/pohorje-turizem.com\/turizem\/wp-content\/uploads\/2019\/03\/Anita-prikazna-250x166.jpg 250w, http:\/\/pohorje-turizem.com\/turizem\/wp-content\/uploads\/2019\/03\/Anita-prikazna-120x80.jpg 120w\" sizes=\"(max-width: 700px) 100vw, 700px\" \/><\/a><figcaption>Anita Valand<\/figcaption><\/figure>\n\n\n\n<p><strong><em>Anita Valand<\/em><\/strong><\/p>\n\n\n\n<p>Tel: +386 (0)2 843 0553<br>Fax: -386 (0)2 843 0552<br>anita@pohorje-turizem.com<\/p>\n<\/div>\n<\/div>\n\n\n\n<div id=\"iphorm-outer-f50c6bc50719ab6db8aac1f06ba7726a369e0d6221d580\" class=\"iphorm-outer iphorm-outer-3 iphorm-uniform-theme-default\" >\n    <script type=\"text\/javascript\">\n\t<!--\n\t\t    jQuery(document).ready(function($) {\n\t\t\t\n\t        \t        \t$('#iphorm-f50c6bc50719ab6db8aac1f06ba7726a369e0d6221d580').iPhorm({\"id\":3,\"uniqueId\":\"f50c6bc50719ab6db8aac1f06ba7726a369e0d6221d580\",\"PHPSESSID\":\"db2ecnnr1d1ikcblrfg0tth483\",\"successMessageTimeout\":10,\"clElementIds\":[],\"clDependentElementIds\":[],\"centerFancybox\":true,\"centerFancyboxSpeed\":true});\n\t        \n\t        \t        if ($.isFunction($.fn.qtip)) {\n\t            $('.iphorm-tooltip-hover', iPhorm.instance.$form).qtip({\n\t                style: {\n\t                    classes: 'ui-tooltip-plain ui-tooltip-shadow'\n\t                },\n\t                position: {\n\t                    my: 'left center',\n\t                    at: 'right center'\n\t                }\n\t            });\n\t            $('.iphorm-tooltip-click', iPhorm.instance.$form).qtip({\n\t                style: {\n\t                    classes: 'ui-tooltip-plain ui-tooltip-shadow'\n\t                },\n\t                position: {\n\t                    my: 'left center',\n\t                    at: 'right center'\n\t                },\n\t                show: {\n\t                    event: 'focus'\n\t                },\n\t                hide: {\n\t                    event: 'unfocus'\n\t                }\n\t            });\n\t            $('.iphorm-tooltip-icon-hover', iPhorm.instance.$form).qtip({\n\t                style: {\n\t                    classes: 'ui-tooltip-plain ui-tooltip-shadow'\n\t                },\n\t                position: {\n\t                    my: 'left center',\n\t                    at: 'right center'\n\t                },\n\t                content: {\n\t                    text: function (api) {\n\t                        return $(this).find('.iphorm-tooltip-icon-content').html();\n\t                    }\n\t                }\n\t            });\n\t            $('.iphorm-tooltip-icon-click', iPhorm.instance.$form).qtip({\n\t                style: {\n\t                    classes: 'ui-tooltip-plain ui-tooltip-shadow'\n\t                },\n\t                position: {\n\t                    my: 'left center',\n\t                    at: 'right center'\n\t                },\n\t                show: {\n\t                    event: 'click'\n\t                },\n\t                hide: {\n\t                    event: 'unfocus'\n\t                },\n\t                content: {\n\t                    text: function (api) {\n\t                        return $(this).find('.iphorm-tooltip-icon-content').html();\n\t                    }\n\t                }\n\t            });\n\t            $('.iphorm-labels-inside > .iphorm-element-spacer > label').hover(function () {\n\t                $(this).siblings('.iphorm-input-wrap').find('.iphorm-tooltip-hover').qtip('show');\n\t            }, function () {\n\t            \t$(this).siblings('.iphorm-input-wrap').find('.iphorm-tooltip-hover').qtip('hide');\n\t            });\n\t        }\n\t        \n\t        \t        if ($.isFunction($.fn.uniform)) {\n\t            $('select, input:checkbox, input:radio', iPhorm.instance.$form).uniform({context: iPhorm.instance.$form});\n\t        }\n\t        \n\t        if ($.isFunction($.fn.inFieldLabels)) {\n\t            $('.iphorm-labels-inside:not(.iphorm-element-wrap-recaptcha) > .iphorm-element-spacer > label', iPhorm.instance.$form).inFieldLabels();\n\t        }\n\n\t        \n\t        $('.iphorm-group-row > div:last-child:not(:first-child)', iPhorm.instance.$form).add('.iphorm-group-row:last-child', iPhorm.instance.$form).addClass('last-child');\n\n\t        \t    }); \/\/ end document.ready()\n\t\/\/-->\n\t<\/script>\n    <form id=\"iphorm-f50c6bc50719ab6db8aac1f06ba7726a369e0d6221d580\" class=\"iphorm\" action=\"\" method=\"post\" enctype=\"multipart\/form-data\">\n        <div class=\"iphorm-inner iphorm-inner-3\" >\n            <input type=\"hidden\" name=\"iphorm_id\" value=\"3\" \/>\n            <input type=\"hidden\" name=\"iphorm_uid\" value=\"f50c6bc50719ab6db8aac1f06ba7726a369e0d6221d580\" \/>\n            <input type=\"hidden\" name=\"form_url\" value=\"http:\/\/pohorje-turizem.com\/turizem\/wp-json\/wp\/v2\/pages\/100\" \/>\n            <input type=\"hidden\" name=\"referring_url\" value=\"\" \/>\n            <input type=\"hidden\" name=\"post_id\" value=\"\" \/>\n            <input type=\"hidden\" name=\"post_title\" value=\"\" \/>\n                                                            \t            \t\t<div class=\"iphorm-success-message iphorm-hidden\" ><\/div>\n            \t                        <div class=\"iphorm-elements iphorm-elements-3 iphorm-clearfix\" >\n                <div class=\"iphorm-element-wrap iphorm-element-wrap-text iphorm_3_1-element-wrap iphorm-clearfix iphorm-labels-above iphorm-element-required\" >\n    <div class=\"iphorm-element-spacer iphorm-element-spacer-text iphorm_3_1-element-spacer\">\n                    <label for=\"iphorm_f50c6bc50719ab6db8aac1f06ba7726a369e0d6221d580_1\" >\n                Ime                                    <span class=\"iphorm-required\">(obvezno)<\/span>\n                                            <\/label>\n                <div class=\"iphorm-input-wrap iphorm-input-wrap-text iphorm_3_1-input-wrap\" >\n            <input class=\"iphorm-element-text  iphorm_3_1\" id=\"iphorm_f50c6bc50719ab6db8aac1f06ba7726a369e0d6221d580_1\" type=\"text\" name=\"iphorm_3_1\"  value=\"\"  \/>\n                    <\/div>\n        <div class=\"iphorm-errors-wrap iphorm-hidden\" >\r\n    <\/div>    <\/div>\n    <\/div><div class=\"iphorm-element-wrap iphorm-element-wrap-text iphorm_3_5-element-wrap iphorm-clearfix iphorm-labels-above iphorm-element-required\" >\n    <div class=\"iphorm-element-spacer iphorm-element-spacer-text iphorm_3_5-element-spacer\">\n                    <label for=\"iphorm_f50c6bc50719ab6db8aac1f06ba7726a369e0d6221d580_5\" >\n                Priimek                                    <span class=\"iphorm-required\">(obvezno)<\/span>\n                                            <\/label>\n                <div class=\"iphorm-input-wrap iphorm-input-wrap-text iphorm_3_5-input-wrap\" >\n            <input class=\"iphorm-element-text  iphorm_3_5\" id=\"iphorm_f50c6bc50719ab6db8aac1f06ba7726a369e0d6221d580_5\" type=\"text\" name=\"iphorm_3_5\"  value=\"\"  \/>\n                    <\/div>\n        <div class=\"iphorm-errors-wrap iphorm-hidden\" >\r\n    <\/div>    <\/div>\n    <\/div><div class=\"iphorm-element-wrap iphorm-element-wrap-text iphorm_3_4-element-wrap iphorm-clearfix iphorm-labels-above iphorm-element-optional\" >\n    <div class=\"iphorm-element-spacer iphorm-element-spacer-text iphorm_3_4-element-spacer\">\n                    <label for=\"iphorm_f50c6bc50719ab6db8aac1f06ba7726a369e0d6221d580_4\" >\n                Kontaktna \u0161tevilka                                            <\/label>\n                <div class=\"iphorm-input-wrap iphorm-input-wrap-text iphorm_3_4-input-wrap\" >\n            <input class=\"iphorm-element-text  iphorm_3_4\" id=\"iphorm_f50c6bc50719ab6db8aac1f06ba7726a369e0d6221d580_4\" type=\"text\" name=\"iphorm_3_4\"  value=\"\"  \/>\n                    <\/div>\n        <div class=\"iphorm-errors-wrap iphorm-hidden\" >\r\n    <\/div>    <\/div>\n    <\/div><div class=\"iphorm-element-wrap iphorm-element-wrap-text iphorm_3_3-element-wrap iphorm-clearfix iphorm-labels-above iphorm-element-required\" >\n    <div class=\"iphorm-element-spacer iphorm-element-spacer-text iphorm_3_3-element-spacer\">\n                    <label for=\"iphorm_f50c6bc50719ab6db8aac1f06ba7726a369e0d6221d580_3\" >\n                Email address                                    <span class=\"iphorm-required\">(obvezno)<\/span>\n                                            <\/label>\n                <div class=\"iphorm-input-wrap iphorm-input-wrap-text iphorm_3_3-input-wrap\" >\n            <input class=\"iphorm-element-text  iphorm_3_3\" id=\"iphorm_f50c6bc50719ab6db8aac1f06ba7726a369e0d6221d580_3\" type=\"text\" name=\"iphorm_3_3\"  value=\"\"  \/>\n                    <\/div>\n        <div class=\"iphorm-errors-wrap iphorm-hidden\" >\r\n    <\/div>    <\/div>\n    <\/div><div class=\"iphorm-element-wrap iphorm-element-wrap-textarea iphorm_3_2-element-wrap iphorm-clearfix iphorm-labels-above iphorm-element-required\" >\n    <div class=\"iphorm-element-spacer iphorm-element-spacer-textarea iphorm_3_2-element-spacer\">\n                    <label for=\"iphorm_f50c6bc50719ab6db8aac1f06ba7726a369e0d6221d580_2\" >\n                Va\u0161e vpra\u0161anje                                    <span class=\"iphorm-required\">(obvezno)<\/span>\n                                            <\/label>\n                <div class=\"iphorm-input-wrap iphorm-input-wrap-textarea iphorm_3_2-input-wrap\" >\n            <textarea class=\"iphorm-element-textarea  iphorm_3_2\" id=\"iphorm_f50c6bc50719ab6db8aac1f06ba7726a369e0d6221d580_2\" name=\"iphorm_3_2\"   rows=\"5\" cols=\"25\"><\/textarea>\n                    <\/div>\n        <div class=\"iphorm-errors-wrap iphorm-hidden\" >\r\n    <\/div>    <\/div>\n    <\/div><div class=\"iphorm-element-wrap iphorm-element-wrap-checkbox iphorm_3_7-element-wrap iphorm-clearfix iphorm-labels-above iphorm-element-required\" >\n    <div class=\"iphorm-element-spacer iphorm-element-spacer-checkbox iphorm_3_7-element-spacer\">\n                <div class=\"iphorm-input-wrap iphorm-input-wrap-checkbox iphorm_3_7-input-wrap\" >\n            <div class=\"iphorm-input-ul iphorm-input-checkbox-ul iphorm_3_7-input-ul iphorm-options-block iphorm-clearfix\" >\n                            <div class=\"iphorm-input-li iphorm-input-checkbox-li iphorm_3_7-input-li\" >\n                    <label for=\"iphorm_f50c6bc50719ab6db8aac1f06ba7726a369e0d6221d580_7_0\" >\n                        <input class=\"iphorm-element-checkbox iphorm_3_7\" type=\"checkbox\" name=\"iphorm_3_7[]\" id=\"iphorm_f50c6bc50719ab6db8aac1f06ba7726a369e0d6221d580_7_0\" value=\"Sogla\u0161am, da me lahko  kontaktirate na naveden e-mail naslov v zvezi s povpra\u0161evanjem.\"  \/>\n                        Sogla\u0161am, da me lahko  kontaktirate na naveden e-mail naslov v zvezi s povpra\u0161evanjem.                    <\/label>\n                <\/div>\n                        <\/div>\n                    <\/div>\n        <div class=\"iphorm-errors-wrap iphorm-hidden\" >\r\n    <\/div>    <\/div>\n<\/div><div class=\"iphorm-element-wrap iphorm-element-wrap-checkbox iphorm_3_8-element-wrap iphorm-clearfix iphorm-labels-above iphorm-element-optional\" >\n    <div class=\"iphorm-element-spacer iphorm-element-spacer-checkbox iphorm_3_8-element-spacer\">\n                <div class=\"iphorm-input-wrap iphorm-input-wrap-checkbox iphorm_3_8-input-wrap\" >\n            <div class=\"iphorm-input-ul iphorm-input-checkbox-ul iphorm_3_8-input-ul iphorm-options-block iphorm-clearfix\" >\n                            <div class=\"iphorm-input-li iphorm-input-checkbox-li iphorm_3_8-input-li\" >\n                    <label for=\"iphorm_f50c6bc50719ab6db8aac1f06ba7726a369e0d6221d580_8_0\" >\n                        <input class=\"iphorm-element-checkbox iphorm_3_8\" type=\"checkbox\" name=\"iphorm_3_8[]\" id=\"iphorm_f50c6bc50719ab6db8aac1f06ba7726a369e0d6221d580_8_0\" value=\"Sprejemam &lt;a href=&quot;http:\/\/pohorje-turizem.com\/turizem\/splosni-pogoji&quot;&gt; splo\u0161ne pogoje &lt;\/a&gt;\"  \/>\n                        Sprejemam <a href=\"http:\/\/pohorje-turizem.com\/turizem\/splosni-pogoji\"> splo\u0161ne pogoje <\/a>                    <\/label>\n                <\/div>\n                        <\/div>\n                    <\/div>\n        <div class=\"iphorm-errors-wrap iphorm-hidden\" >\r\n    <\/div>    <\/div>\n<\/div><div class=\"iphorm-element-wrap iphorm-element-wrap-captcha iphorm_3_6-element-wrap iphorm-clearfix iphorm-labels-above iphorm-element-required\" >\r\n    <div class=\"iphorm-element-spacer iphorm-element-spacer-captcha iphorm_3_6-element-spacer\">\r\n                    <label for=\"iphorm_f50c6bc50719ab6db8aac1f06ba7726a369e0d6221d580_6\" >\r\n                Prepi\u0161i znake                                    <span class=\"iphorm-required\">(obvezno)<\/span>\r\n                                            <\/label>\r\n                <div class=\"iphorm-input-wrap iphorm-input-wrap-captcha iphorm_3_6-input-wrap\" >\r\n            <input class=\"iphorm-element-captcha  iphorm_3_6\" id=\"iphorm_f50c6bc50719ab6db8aac1f06ba7726a369e0d6221d580_6\" type=\"text\" name=\"iphorm_3_6\"  value=\"\"  \/>\r\n                    <\/div>\r\n        <div class=\"iphorm-captcha-image-wrap iphorm-clearfix iphorm_3_6-captcha-image-wrap\" >\r\n            <div class=\"ifb-captcha-image-inner\">\r\n                <img id=\"iphorm-iphorm_f50c6bc50719ab6db8aac1f06ba7726a369e0d6221d580_6-captcha-image\" class=\"iphorm-captcha-image\" src=\"http:\/\/pohorje-turizem.com\/turizem\/wp-content\/plugins\/iphorm-form-builder\/includes\/captcha.php?c=eyJ1bmlxSWQiOiJmNTBjNmJjNTA3MTlhYjZkYjhhYWMxZjA2YmE3NzI2YTM2OWUwZDYyMjFkNTgwIiwidG1wRGlyIjoiXC90bXBcLyIsIm9wdGlvbnMiOnsibGVuZ3RoIjoiNSIsIndpZHRoIjoiMTE1IiwiaGVpZ2h0IjoiNDAiLCJiZ0NvbG91ciI6IiNGRkZGRkYiLCJ0ZXh0Q29sb3VyIjoiIzIyMjIyMiIsImZvbnQiOiJUeXBpc3QudHRmIiwibWluRm9udFNpemUiOiIxMiIsIm1heEZvbnRTaXplIjoiMTkiLCJtaW5BbmdsZSI6IjAiLCJtYXhBbmdsZSI6IjIwIn19&amp;t=1776342562.1324\" alt=\"\" \/>\r\n            <\/div>\r\n        <\/div>\r\n\r\n        <script type=\"text\/javascript\">\r\n        <!--\r\n        jQuery(document).ready(function ($) {\r\n            $('#iphorm-iphorm_f50c6bc50719ab6db8aac1f06ba7726a369e0d6221d580_6-captcha-image').hover(function () {\r\n                $(this).stop().fadeTo('slow', '0.3');\r\n            }, function () {\r\n                $(this).stop().fadeTo('slow', '1.0');\r\n            }).click(function () {\r\n                var newSrc = $(this).attr('src').replace(\/&t=.+\/, '&t=' + new Date().getTime());\r\n                $(this).attr('src', newSrc);\r\n            });\r\n        });\r\n        \/\/-->\r\n        <\/script>\r\n        <div class=\"iphorm-errors-wrap iphorm-hidden\" >\r\n    <\/div>    <\/div>\r\n<\/div><div class=\"iphorm-hidden\">\n    <label>This field should be left blank<input type=\"text\" name=\"iphorm_3_0\" \/><\/label>\n<\/div>                <div class=\"iphorm-submit-wrap iphorm-submit-wrap-3 iphorm-clearfix\" >\n                \t<div class=\"iphorm-submit-input-wrap iphorm-submit-input-wrap-3\" >\n                        <button class=\"iphorm-submit-element\" type=\"submit\" name=\"iphorm_submit\" ><span ><em >Po\u0161lji<\/em><\/span><\/button>\n                    <\/div>\n                    <div class=\"iphorm-loading-wrap\"><span class=\"iphorm-loading\">Please wait...<\/span><\/div>\n                <\/div>\n            <\/div>\n            \n                                            <\/div>\n            <\/form>\n    <script type=\"text\/javascript\">\n\t<!--\n\tjQuery('#iphorm-outer-f50c6bc50719ab6db8aac1f06ba7726a369e0d6221d580 script').remove();\n\t\/\/-->\n\t<\/script>\n<\/div>\n\n\n\n\n\n<p><\/p>\n","protected":false},"excerpt":{"rendered":"Delovni \u010das: Pon &#8211; pet : 8.00 do 16.00 Sobota, nedelja in prazniki ZAPRTO PRODAJA IN REZERVACIJE Arina Pu\u0161nik Tel: +386 (0)2 843 0554Fax: + 386 (0)2 843 0552 arina@pohorje-turizem.com PREVOZNI\u0160TVO Urban Obrovnik Tel: +386 (0)2 843 0550Fax: -386 (0)2 843 0552Gsm: +386 (0)51 331 990 (de\u017eurna \u0161tevilka izven delovnega \u010dasa za nujne primere) urban@pohorje-turizem.com&#8230; <a class=\"view-article\" href=\"http:\/\/pohorje-turizem.com\/turizem\/kontakt\">View Article<\/a>","protected":false},"author":1,"featured_media":0,"parent":0,"menu_order":0,"comment_status":"open","ping_status":"open","template":"","meta":[],"_links":{"self":[{"href":"http:\/\/pohorje-turizem.com\/turizem\/wp-json\/wp\/v2\/pages\/100"}],"collection":[{"href":"http:\/\/pohorje-turizem.com\/turizem\/wp-json\/wp\/v2\/pages"}],"about":[{"href":"http:\/\/pohorje-turizem.com\/turizem\/wp-json\/wp\/v2\/types\/page"}],"author":[{"embeddable":true,"href":"http:\/\/pohorje-turizem.com\/turizem\/wp-json\/wp\/v2\/users\/1"}],"replies":[{"embeddable":true,"href":"http:\/\/pohorje-turizem.com\/turizem\/wp-json\/wp\/v2\/comments?post=100"}],"version-history":[{"count":22,"href":"http:\/\/pohorje-turizem.com\/turizem\/wp-json\/wp\/v2\/pages\/100\/revisions"}],"predecessor-version":[{"id":8157,"href":"http:\/\/pohorje-turizem.com\/turizem\/wp-json\/wp\/v2\/pages\/100\/revisions\/8157"}],"wp:attachment":[{"href":"http:\/\/pohorje-turizem.com\/turizem\/wp-json\/wp\/v2\/media?parent=100"}],"curies":[{"name":"wp","href":"https:\/\/api.w.org\/{rel}","templated":true}]}}