{"id":5672,"date":"2019-03-01T14:37:42","date_gmt":"2019-03-01T14:37:42","guid":{"rendered":"http:\/\/pohorje-turizem.com\/turizem\/?page_id=5672"},"modified":"2023-08-25T06:40:06","modified_gmt":"2023-08-25T06:40:06","slug":"solski-prevozi-2023-2024","status":"publish","type":"page","link":"http:\/\/pohorje-turizem.com\/turizem\/solski-prevozi-2023-2024","title":{"rendered":"\u0160olski prevozi 2023\/2024"},"content":{"rendered":"\n<h1 class=\"wp-block-heading\">\u0160olski prevozi 2023\/2024 <\/h1>\n\n\n\n<p>OBVESTILO ZA NAKUP MESE\u010cNIH VOZOVNIC SLOVENIJA<\/p>\n\n\n\n<p>Nakup mese\u010dnih vozovnic za dijake, \u0161tudente in udele\u017eence izobra\u017eevanja odraslih bo mo\u017een od srede, 23.8.2023 dalje. Upravi\u010denci bodo imeli za potovanja na medkrajevnih prevozih z vlakom in avtobusom na voljo mese\u010dno vozovnico Slovenija, in vozovnico za 10 vo\u017eenj na mesec (mese\u010dno in letno). Tako kot doslej bodo lahko uveljavili pravico do subvencionirane vozovnice v mestnem prometu ali kombinirane mestne vozovnice. S tak\u0161no re\u0161itvijo se bodo vsi, ki poleg relacije od doma do \u0161ole potrebujejo tudi druge relacije zaradi opravljanja prakti\u010dnega izobra\u017eevanja, bivanja na ve\u010d naslovih, popoldanskih aktivnostih ali izletov \u010dez vikend, vozili z mese\u010dno ali letno vozovnico. Letna vozovnica bo za dijake veljala od 1. septembra do 31. avgusta in za \u0161tudente od 1. oktobra do 30. septembra. <\/p>\n\n\n\n<p>Cene vozovnic:<\/p>\n\n\n\n<p>\u2022 cena mese\u010dne vozovnice Slovenija je 25 evrov,<\/p>\n\n\n\n<p>\u2022 cena letne vozovnice Slovenija je 200 evrov,<\/p>\n\n\n\n<p>\u2022 cena mese\u010dne vozovnice M10 je 20 evrov,<\/p>\n\n\n\n<p>\u2022 cena letne vozovnice M10 je 160,00 evrov.<\/p>\n\n\n\n<p>Za izdajo mese\u010dne vozovnice potrebujete izpolnjeno vlogo, ki je dostopna na povezavi spodaj. Odpiralni \u010das Turisti\u010dne agencije Pohorje tours je od ponedeljka do petka med 9.00 in 16.00 uro. Dodatne informacije so vam na voljo na tel. \u0161tevilki 051 331 990.<\/p>\n\n\n\n<p>Izstopne postaje v Mariboru:<\/p>\n\n\n\n<ol><li>postaja: AP \u017dohar<\/li><li>postaja: City \/ Slavija<\/li><li>postaja: Glavna avtobusna postaja Maribor<\/li><\/ol>\n\n\n\n<p>Vstopne postaje v Mariboru:<\/p>\n\n\n\n<ol><li>postaja: Glavna avtobusna postaja Maribor<\/li><li>postaja: City \u2013 Slavija<\/li><li>postaja: AP \u017dohar<\/li><\/ol>\n\n\n\n<p><strong>\u010cASOVNICA VOZNIH REDOV:<\/strong><\/p>\n\n\n\n<p><strong>RELACIJA: OPLOTNICA \u2013&gt; MARIBOR<\/strong><\/p>\n\n\n\n<p>ODHODI: 5.50. (Malahorna), 5.55. (AP Oplotnica), 7.43. (AP Oplotnica), 9.13. (AP Oplotnica),&nbsp; 11.30. (AP Oplotnica), 15.00. (AP Oplotnica)<\/p>\n\n\n\n<p><strong>RELACIJA: OPLOTNICA -&gt; SLOVENSKA BISTRICA<\/strong><\/p>\n\n\n\n<p>ODHODI:&nbsp;17.15. (AP Oplotnica)<\/p>\n\n\n\n<p><strong>RELACIJA: MARIBOR -&gt; OPLOTNICA<\/strong><\/p>\n\n\n\n<p>ODHODI:&nbsp;10.25. (AP Maribor), 13.40. (AP Maribor), 16.15. (AP Maribor)<\/p>\n\n\n\n<p><strong>RELACIJA: SLOVENSKA BISTRICA -&gt; OPLOTNICA<\/strong><\/p>\n\n\n\n<p>ODHODI:&nbsp;18.15. (AP Slovenska Bistrica)<\/p>\n\n\n\n<p><strong>Veliko uspehov v novem \u0161olskem letu vam \u017eelimo in vas lepo pozdravljamo!<\/strong><\/p>\n\n\n\n<div class=\"wp-block-file\"><a href=\"http:\/\/pohorje-turizem.com\/turizem\/wp-content\/uploads\/2023\/08\/Vloga-za-izdajo-subvencioniranega-prevoza-1.pdf\">Vloga za izdajo subvencioniranega prevoza<\/a><a href=\"http:\/\/pohorje-turizem.com\/turizem\/wp-content\/uploads\/2023\/08\/Vloga-za-izdajo-subvencioniranega-prevoza-1.pdf\" class=\"wp-block-file__button\" download>Prenos<\/a><\/div>\n\n\n\n<p><\/p>\n","protected":false},"excerpt":{"rendered":"\u0160olski prevozi 2023\/2024 OBVESTILO ZA NAKUP MESE\u010cNIH VOZOVNIC SLOVENIJA Nakup mese\u010dnih vozovnic za dijake, \u0161tudente in udele\u017eence izobra\u017eevanja odraslih bo mo\u017een od srede, 23.8.2023 dalje. Upravi\u010denci bodo imeli za potovanja na medkrajevnih prevozih z vlakom in avtobusom na voljo mese\u010dno vozovnico Slovenija, in vozovnico za 10 vo\u017eenj na mesec (mese\u010dno in letno). Tako kot doslej&#8230; <a class=\"view-article\" href=\"http:\/\/pohorje-turizem.com\/turizem\/solski-prevozi-2023-2024\">View Article<\/a>","protected":false},"author":1,"featured_media":0,"parent":0,"menu_order":0,"comment_status":"closed","ping_status":"closed","template":"","meta":[],"_links":{"self":[{"href":"http:\/\/pohorje-turizem.com\/turizem\/wp-json\/wp\/v2\/pages\/5672"}],"collection":[{"href":"http:\/\/pohorje-turizem.com\/turizem\/wp-json\/wp\/v2\/pages"}],"about":[{"href":"http:\/\/pohorje-turizem.com\/turizem\/wp-json\/wp\/v2\/types\/page"}],"author":[{"embeddable":true,"href":"http:\/\/pohorje-turizem.com\/turizem\/wp-json\/wp\/v2\/users\/1"}],"replies":[{"embeddable":true,"href":"http:\/\/pohorje-turizem.com\/turizem\/wp-json\/wp\/v2\/comments?post=5672"}],"version-history":[{"count":9,"href":"http:\/\/pohorje-turizem.com\/turizem\/wp-json\/wp\/v2\/pages\/5672\/revisions"}],"predecessor-version":[{"id":8500,"href":"http:\/\/pohorje-turizem.com\/turizem\/wp-json\/wp\/v2\/pages\/5672\/revisions\/8500"}],"wp:attachment":[{"href":"http:\/\/pohorje-turizem.com\/turizem\/wp-json\/wp\/v2\/media?parent=5672"}],"curies":[{"name":"wp","href":"https:\/\/api.w.org\/{rel}","templated":true}]}}