{"id":5868,"date":"2019-03-05T08:11:37","date_gmt":"2019-03-05T08:11:37","guid":{"rendered":"http:\/\/pohorje-turizem.com\/turizem\/?page_id=5868"},"modified":"2019-03-05T08:13:46","modified_gmt":"2019-03-05T08:13:46","slug":"mercedes-benz-tourismo","status":"publish","type":"page","link":"http:\/\/pohorje-turizem.com\/turizem\/mercedes-benz-tourismo","title":{"rendered":"Mercedes Benz TOURISMO (49+1+1)"},"content":{"rendered":"\n<p><strong>TIP AVTOBUSA:<\/strong> Mercedes Benz TOURISMO<\/p>\n\n\n\n<p><strong>OPIS:<\/strong> visokopodni turisti\u010dni avtobus, EURO 5 <br><strong>OPREMA:<\/strong> klima, hladilnik, video, tv, cd-player<br><strong>\u0160T. SEDE\u017dEV:<\/strong> 49+1+1<\/p>\n\n\n\n<ul class=\"wp-block-gallery columns-3 is-cropped wp-block-gallery-1 is-layout-flex\"><li class=\"blocks-gallery-item\"><figure><img decoding=\"async\" loading=\"lazy\" width=\"700\" height=\"466\" src=\"http:\/\/pohorje-turizem.com\/turizem\/wp-content\/uploads\/2019\/03\/RU4-700x466.jpg\" alt=\"\" data-id=\"5872\" data-link=\"http:\/\/pohorje-turizem.com\/turizem\/?attachment_id=5872\" class=\"wp-image-5872\" srcset=\"http:\/\/pohorje-turizem.com\/turizem\/wp-content\/uploads\/2019\/03\/RU4.jpg 700w, http:\/\/pohorje-turizem.com\/turizem\/wp-content\/uploads\/2019\/03\/RU4-250x166.jpg 250w, http:\/\/pohorje-turizem.com\/turizem\/wp-content\/uploads\/2019\/03\/RU4-120x80.jpg 120w\" sizes=\"(max-width: 700px) 100vw, 700px\" \/><\/figure><\/li><li class=\"blocks-gallery-item\"><figure><img decoding=\"async\" loading=\"lazy\" width=\"700\" height=\"466\" src=\"http:\/\/pohorje-turizem.com\/turizem\/wp-content\/uploads\/2019\/03\/RU2-700x466.jpg\" alt=\"\" data-id=\"5870\" data-link=\"http:\/\/pohorje-turizem.com\/turizem\/?attachment_id=5870\" class=\"wp-image-5870\" srcset=\"http:\/\/pohorje-turizem.com\/turizem\/wp-content\/uploads\/2019\/03\/RU2.jpg 700w, http:\/\/pohorje-turizem.com\/turizem\/wp-content\/uploads\/2019\/03\/RU2-250x166.jpg 250w, http:\/\/pohorje-turizem.com\/turizem\/wp-content\/uploads\/2019\/03\/RU2-120x80.jpg 120w\" sizes=\"(max-width: 700px) 100vw, 700px\" \/><\/figure><\/li><li class=\"blocks-gallery-item\"><figure><img decoding=\"async\" loading=\"lazy\" width=\"700\" height=\"465\" src=\"http:\/\/pohorje-turizem.com\/turizem\/wp-content\/uploads\/2019\/03\/RU3-700x465.jpg\" alt=\"\" data-id=\"5871\" data-link=\"http:\/\/pohorje-turizem.com\/turizem\/?attachment_id=5871\" class=\"wp-image-5871\" srcset=\"http:\/\/pohorje-turizem.com\/turizem\/wp-content\/uploads\/2019\/03\/RU3-700x465.jpg 700w, http:\/\/pohorje-turizem.com\/turizem\/wp-content\/uploads\/2019\/03\/RU3-250x166.jpg 250w, http:\/\/pohorje-turizem.com\/turizem\/wp-content\/uploads\/2019\/03\/RU3-120x80.jpg 120w, http:\/\/pohorje-turizem.com\/turizem\/wp-content\/uploads\/2019\/03\/RU3.jpg 701w\" sizes=\"(max-width: 700px) 100vw, 700px\" \/><\/figure><\/li><li class=\"blocks-gallery-item\"><figure><img decoding=\"async\" loading=\"lazy\" width=\"700\" height=\"466\" src=\"http:\/\/pohorje-turizem.com\/turizem\/wp-content\/uploads\/2019\/03\/RU1-700x466.jpg\" alt=\"\" data-id=\"5869\" data-link=\"http:\/\/pohorje-turizem.com\/turizem\/?attachment_id=5869\" class=\"wp-image-5869\" srcset=\"http:\/\/pohorje-turizem.com\/turizem\/wp-content\/uploads\/2019\/03\/RU1.jpg 700w, http:\/\/pohorje-turizem.com\/turizem\/wp-content\/uploads\/2019\/03\/RU1-250x166.jpg 250w, http:\/\/pohorje-turizem.com\/turizem\/wp-content\/uploads\/2019\/03\/RU1-120x80.jpg 120w\" sizes=\"(max-width: 700px) 100vw, 700px\" \/><\/figure><\/li><\/ul>\n","protected":false},"excerpt":{"rendered":"TIP AVTOBUSA: Mercedes Benz TOURISMO OPIS: visokopodni turisti\u010dni avtobus, EURO 5 OPREMA: klima, hladilnik, video, tv, cd-player\u0160T. SEDE\u017dEV: 49+1+1","protected":false},"author":1,"featured_media":0,"parent":0,"menu_order":0,"comment_status":"closed","ping_status":"closed","template":"","meta":[],"_links":{"self":[{"href":"http:\/\/pohorje-turizem.com\/turizem\/wp-json\/wp\/v2\/pages\/5868"}],"collection":[{"href":"http:\/\/pohorje-turizem.com\/turizem\/wp-json\/wp\/v2\/pages"}],"about":[{"href":"http:\/\/pohorje-turizem.com\/turizem\/wp-json\/wp\/v2\/types\/page"}],"author":[{"embeddable":true,"href":"http:\/\/pohorje-turizem.com\/turizem\/wp-json\/wp\/v2\/users\/1"}],"replies":[{"embeddable":true,"href":"http:\/\/pohorje-turizem.com\/turizem\/wp-json\/wp\/v2\/comments?post=5868"}],"version-history":[{"count":3,"href":"http:\/\/pohorje-turizem.com\/turizem\/wp-json\/wp\/v2\/pages\/5868\/revisions"}],"predecessor-version":[{"id":5877,"href":"http:\/\/pohorje-turizem.com\/turizem\/wp-json\/wp\/v2\/pages\/5868\/revisions\/5877"}],"wp:attachment":[{"href":"http:\/\/pohorje-turizem.com\/turizem\/wp-json\/wp\/v2\/media?parent=5868"}],"curies":[{"name":"wp","href":"https:\/\/api.w.org\/{rel}","templated":true}]}}