{"id":5878,"date":"2019-03-05T08:18:49","date_gmt":"2019-03-05T08:18:49","guid":{"rendered":"http:\/\/pohorje-turizem.com\/turizem\/?page_id=5878"},"modified":"2020-05-18T10:04:51","modified_gmt":"2020-05-18T10:04:51","slug":"mercedes-benz-tourismo-4811","status":"publish","type":"page","link":"http:\/\/pohorje-turizem.com\/turizem\/mercedes-benz-tourismo-4811","title":{"rendered":"Mercedes Benz TOURISMO"},"content":{"rendered":"\n<p><strong>TIP AVTOBUSA:<\/strong> Mercedes Benz TOURISMO<\/p>\n\n\n\n<p><strong>OPIS:<\/strong> visokopodni turisti\u010dni avtobus, EURO 5 <br><strong>OPREMA:<\/strong> klima, hladilnik, video, tv, cd-player<br><strong>\u0160T. SEDE\u017dEV:<\/strong> 48+1+1, ve\u010dji razmak<\/p>\n\n\n\n<ul class=\"wp-block-gallery columns-3 is-cropped wp-block-gallery-1 is-layout-flex\"><li class=\"blocks-gallery-item\"><figure><img decoding=\"async\" loading=\"lazy\" width=\"700\" height=\"466\" src=\"http:\/\/pohorje-turizem.com\/turizem\/wp-content\/uploads\/2020\/05\/POH-4-4-700x466.jpg\" alt=\"\" data-id=\"7670\" data-link=\"http:\/\/pohorje-turizem.com\/turizem\/mercedes-benz-0350-4911\/attachment\/poh-4-4\" class=\"wp-image-7670\" srcset=\"http:\/\/pohorje-turizem.com\/turizem\/wp-content\/uploads\/2020\/05\/POH-4-4.jpg 700w, http:\/\/pohorje-turizem.com\/turizem\/wp-content\/uploads\/2020\/05\/POH-4-4-250x166.jpg 250w, http:\/\/pohorje-turizem.com\/turizem\/wp-content\/uploads\/2020\/05\/POH-4-4-120x80.jpg 120w\" sizes=\"(max-width: 700px) 100vw, 700px\" \/><\/figure><\/li><li class=\"blocks-gallery-item\"><figure><img decoding=\"async\" loading=\"lazy\" width=\"700\" height=\"466\" src=\"http:\/\/pohorje-turizem.com\/turizem\/wp-content\/uploads\/2020\/05\/POH-4-2-700x466.jpg\" alt=\"\" data-id=\"7668\" data-link=\"http:\/\/pohorje-turizem.com\/turizem\/mercedes-benz-0350-4911\/attachment\/poh-4-2\" class=\"wp-image-7668\" srcset=\"http:\/\/pohorje-turizem.com\/turizem\/wp-content\/uploads\/2020\/05\/POH-4-2.jpg 700w, http:\/\/pohorje-turizem.com\/turizem\/wp-content\/uploads\/2020\/05\/POH-4-2-250x166.jpg 250w, http:\/\/pohorje-turizem.com\/turizem\/wp-content\/uploads\/2020\/05\/POH-4-2-120x80.jpg 120w\" sizes=\"(max-width: 700px) 100vw, 700px\" \/><\/figure><\/li><li class=\"blocks-gallery-item\"><figure><img decoding=\"async\" loading=\"lazy\" width=\"700\" height=\"466\" src=\"http:\/\/pohorje-turizem.com\/turizem\/wp-content\/uploads\/2020\/05\/POH-4-3-700x466.jpg\" alt=\"\" data-id=\"7669\" data-link=\"http:\/\/pohorje-turizem.com\/turizem\/mercedes-benz-0350-4911\/attachment\/poh-4-3\" class=\"wp-image-7669\" srcset=\"http:\/\/pohorje-turizem.com\/turizem\/wp-content\/uploads\/2020\/05\/POH-4-3.jpg 700w, http:\/\/pohorje-turizem.com\/turizem\/wp-content\/uploads\/2020\/05\/POH-4-3-250x166.jpg 250w, http:\/\/pohorje-turizem.com\/turizem\/wp-content\/uploads\/2020\/05\/POH-4-3-120x80.jpg 120w\" sizes=\"(max-width: 700px) 100vw, 700px\" \/><\/figure><\/li><li class=\"blocks-gallery-item\"><figure><img decoding=\"async\" loading=\"lazy\" width=\"700\" height=\"466\" src=\"http:\/\/pohorje-turizem.com\/turizem\/wp-content\/uploads\/2020\/05\/POH-4-1-700x466.jpg\" alt=\"\" data-id=\"7667\" data-link=\"http:\/\/pohorje-turizem.com\/turizem\/mercedes-benz-0350-4911\/attachment\/poh-4-1\" class=\"wp-image-7667\" srcset=\"http:\/\/pohorje-turizem.com\/turizem\/wp-content\/uploads\/2020\/05\/POH-4-1.jpg 700w, http:\/\/pohorje-turizem.com\/turizem\/wp-content\/uploads\/2020\/05\/POH-4-1-250x166.jpg 250w, http:\/\/pohorje-turizem.com\/turizem\/wp-content\/uploads\/2020\/05\/POH-4-1-120x80.jpg 120w\" sizes=\"(max-width: 700px) 100vw, 700px\" \/><\/figure><\/li><\/ul>\n","protected":false},"excerpt":{"rendered":"TIP AVTOBUSA: Mercedes Benz TOURISMO OPIS: visokopodni turisti\u010dni avtobus, EURO 5 OPREMA: klima, hladilnik, video, tv, cd-player\u0160T. SEDE\u017dEV: 48+1+1, ve\u010dji razmak","protected":false},"author":1,"featured_media":0,"parent":0,"menu_order":0,"comment_status":"closed","ping_status":"closed","template":"","meta":[],"_links":{"self":[{"href":"http:\/\/pohorje-turizem.com\/turizem\/wp-json\/wp\/v2\/pages\/5878"}],"collection":[{"href":"http:\/\/pohorje-turizem.com\/turizem\/wp-json\/wp\/v2\/pages"}],"about":[{"href":"http:\/\/pohorje-turizem.com\/turizem\/wp-json\/wp\/v2\/types\/page"}],"author":[{"embeddable":true,"href":"http:\/\/pohorje-turizem.com\/turizem\/wp-json\/wp\/v2\/users\/1"}],"replies":[{"embeddable":true,"href":"http:\/\/pohorje-turizem.com\/turizem\/wp-json\/wp\/v2\/comments?post=5878"}],"version-history":[{"count":2,"href":"http:\/\/pohorje-turizem.com\/turizem\/wp-json\/wp\/v2\/pages\/5878\/revisions"}],"predecessor-version":[{"id":7671,"href":"http:\/\/pohorje-turizem.com\/turizem\/wp-json\/wp\/v2\/pages\/5878\/revisions\/7671"}],"wp:attachment":[{"href":"http:\/\/pohorje-turizem.com\/turizem\/wp-json\/wp\/v2\/media?parent=5878"}],"curies":[{"name":"wp","href":"https:\/\/api.w.org\/{rel}","templated":true}]}}