{"id":5886,"date":"2019-03-05T08:25:29","date_gmt":"2019-03-05T08:25:29","guid":{"rendered":"http:\/\/pohorje-turizem.com\/turizem\/?page_id=5886"},"modified":"2019-03-05T08:25:30","modified_gmt":"2019-03-05T08:25:30","slug":"mercedes-benz-sprinter-191","status":"publish","type":"page","link":"http:\/\/pohorje-turizem.com\/turizem\/mercedes-benz-sprinter-191","title":{"rendered":"Mercedes Benz SPRINTER (19+1)"},"content":{"rendered":"\n<p><strong>TIP AVTOBUSA:<\/strong> Mercedes Benz SPRINTER<\/p>\n\n\n\n<p><strong>OPIS:<\/strong>  turisti\u010dni avtobus<br><strong>OPREMA:<\/strong> klima, cd-player<br><strong>\u0160T. SEDE\u017dEV:<\/strong> 19+1<\/p>\n\n\n\n<ul class=\"wp-block-gallery columns-3 is-cropped wp-block-gallery-1 is-layout-flex\"><li class=\"blocks-gallery-item\"><figure><img decoding=\"async\" loading=\"lazy\" width=\"700\" height=\"466\" src=\"http:\/\/pohorje-turizem.com\/turizem\/wp-content\/uploads\/2019\/03\/Spri1-700x466.jpg\" alt=\"\" data-id=\"5887\" data-link=\"http:\/\/pohorje-turizem.com\/turizem\/?attachment_id=5887\" class=\"wp-image-5887\" srcset=\"http:\/\/pohorje-turizem.com\/turizem\/wp-content\/uploads\/2019\/03\/Spri1.jpg 700w, http:\/\/pohorje-turizem.com\/turizem\/wp-content\/uploads\/2019\/03\/Spri1-250x166.jpg 250w, http:\/\/pohorje-turizem.com\/turizem\/wp-content\/uploads\/2019\/03\/Spri1-120x80.jpg 120w\" sizes=\"(max-width: 700px) 100vw, 700px\" \/><\/figure><\/li><li class=\"blocks-gallery-item\"><figure><img decoding=\"async\" loading=\"lazy\" width=\"700\" height=\"466\" src=\"http:\/\/pohorje-turizem.com\/turizem\/wp-content\/uploads\/2019\/03\/spri2-700x466.jpg\" alt=\"\" data-id=\"5888\" data-link=\"http:\/\/pohorje-turizem.com\/turizem\/?attachment_id=5888\" class=\"wp-image-5888\" srcset=\"http:\/\/pohorje-turizem.com\/turizem\/wp-content\/uploads\/2019\/03\/spri2.jpg 700w, http:\/\/pohorje-turizem.com\/turizem\/wp-content\/uploads\/2019\/03\/spri2-250x166.jpg 250w, http:\/\/pohorje-turizem.com\/turizem\/wp-content\/uploads\/2019\/03\/spri2-120x80.jpg 120w\" sizes=\"(max-width: 700px) 100vw, 700px\" \/><\/figure><\/li><li class=\"blocks-gallery-item\"><figure><img decoding=\"async\" loading=\"lazy\" width=\"700\" height=\"466\" src=\"http:\/\/pohorje-turizem.com\/turizem\/wp-content\/uploads\/2019\/03\/spri3-700x466.jpg\" alt=\"\" data-id=\"5889\" data-link=\"http:\/\/pohorje-turizem.com\/turizem\/?attachment_id=5889\" class=\"wp-image-5889\" srcset=\"http:\/\/pohorje-turizem.com\/turizem\/wp-content\/uploads\/2019\/03\/spri3.jpg 700w, http:\/\/pohorje-turizem.com\/turizem\/wp-content\/uploads\/2019\/03\/spri3-250x166.jpg 250w, http:\/\/pohorje-turizem.com\/turizem\/wp-content\/uploads\/2019\/03\/spri3-120x80.jpg 120w\" sizes=\"(max-width: 700px) 100vw, 700px\" \/><\/figure><\/li><li class=\"blocks-gallery-item\"><figure><img decoding=\"async\" loading=\"lazy\" width=\"700\" height=\"466\" src=\"http:\/\/pohorje-turizem.com\/turizem\/wp-content\/uploads\/2019\/03\/spri4-700x466.jpg\" alt=\"\" data-id=\"5890\" data-link=\"http:\/\/pohorje-turizem.com\/turizem\/?attachment_id=5890\" class=\"wp-image-5890\" srcset=\"http:\/\/pohorje-turizem.com\/turizem\/wp-content\/uploads\/2019\/03\/spri4.jpg 700w, http:\/\/pohorje-turizem.com\/turizem\/wp-content\/uploads\/2019\/03\/spri4-250x166.jpg 250w, http:\/\/pohorje-turizem.com\/turizem\/wp-content\/uploads\/2019\/03\/spri4-120x80.jpg 120w\" sizes=\"(max-width: 700px) 100vw, 700px\" \/><\/figure><\/li><\/ul>\n","protected":false},"excerpt":{"rendered":"TIP AVTOBUSA: Mercedes Benz SPRINTER OPIS: turisti\u010dni avtobusOPREMA: klima, cd-player\u0160T. SEDE\u017dEV: 19+1","protected":false},"author":1,"featured_media":0,"parent":0,"menu_order":0,"comment_status":"closed","ping_status":"closed","template":"","meta":[],"_links":{"self":[{"href":"http:\/\/pohorje-turizem.com\/turizem\/wp-json\/wp\/v2\/pages\/5886"}],"collection":[{"href":"http:\/\/pohorje-turizem.com\/turizem\/wp-json\/wp\/v2\/pages"}],"about":[{"href":"http:\/\/pohorje-turizem.com\/turizem\/wp-json\/wp\/v2\/types\/page"}],"author":[{"embeddable":true,"href":"http:\/\/pohorje-turizem.com\/turizem\/wp-json\/wp\/v2\/users\/1"}],"replies":[{"embeddable":true,"href":"http:\/\/pohorje-turizem.com\/turizem\/wp-json\/wp\/v2\/comments?post=5886"}],"version-history":[{"count":1,"href":"http:\/\/pohorje-turizem.com\/turizem\/wp-json\/wp\/v2\/pages\/5886\/revisions"}],"predecessor-version":[{"id":5892,"href":"http:\/\/pohorje-turizem.com\/turizem\/wp-json\/wp\/v2\/pages\/5886\/revisions\/5892"}],"wp:attachment":[{"href":"http:\/\/pohorje-turizem.com\/turizem\/wp-json\/wp\/v2\/media?parent=5886"}],"curies":[{"name":"wp","href":"https:\/\/api.w.org\/{rel}","templated":true}]}}