{"id":5896,"date":"2019-03-05T14:10:56","date_gmt":"2019-03-05T14:10:56","guid":{"rendered":"http:\/\/pohorje-turizem.com\/turizem\/?page_id=5896"},"modified":"2020-05-18T09:44:39","modified_gmt":"2020-05-18T09:44:39","slug":"mercedes-vito","status":"publish","type":"page","link":"http:\/\/pohorje-turizem.com\/turizem\/mercedes-vito","title":{"rendered":"Mercedes Vito (8+1)"},"content":{"rendered":"\n<p>OPIS: Podalj\u0161an kombi, \u010drne barce<br> <br>OPREMA: dvojna klima, cd-player, navigacija<br><br>\u0160T. SEDE\u017dEV: 8+1<\/p>\n\n\n\n<ul class=\"wp-block-gallery columns-3 is-cropped wp-block-gallery-1 is-layout-flex\"><li class=\"blocks-gallery-item\"><figure><img decoding=\"async\" loading=\"lazy\" width=\"700\" height=\"466\" src=\"http:\/\/pohorje-turizem.com\/turizem\/wp-content\/uploads\/2020\/05\/Vito-2-700x466.png\" alt=\"\" data-id=\"7660\" data-link=\"http:\/\/pohorje-turizem.com\/turizem\/opel-vivaro-81\/attachment\/vito-2\" class=\"wp-image-7660\" srcset=\"http:\/\/pohorje-turizem.com\/turizem\/wp-content\/uploads\/2020\/05\/Vito-2.png 700w, http:\/\/pohorje-turizem.com\/turizem\/wp-content\/uploads\/2020\/05\/Vito-2-250x166.png 250w, http:\/\/pohorje-turizem.com\/turizem\/wp-content\/uploads\/2020\/05\/Vito-2-120x80.png 120w\" sizes=\"(max-width: 700px) 100vw, 700px\" \/><figcaption>Mercedes Vito<\/figcaption><\/figure><\/li><li class=\"blocks-gallery-item\"><figure><img decoding=\"async\" loading=\"lazy\" width=\"700\" height=\"466\" src=\"http:\/\/pohorje-turizem.com\/turizem\/wp-content\/uploads\/2020\/05\/Vito-3-700x466.png\" alt=\"\" data-id=\"7661\" data-link=\"http:\/\/pohorje-turizem.com\/turizem\/opel-vivaro-81\/attachment\/vito-3\" class=\"wp-image-7661\" srcset=\"http:\/\/pohorje-turizem.com\/turizem\/wp-content\/uploads\/2020\/05\/Vito-3.png 700w, http:\/\/pohorje-turizem.com\/turizem\/wp-content\/uploads\/2020\/05\/Vito-3-250x166.png 250w, http:\/\/pohorje-turizem.com\/turizem\/wp-content\/uploads\/2020\/05\/Vito-3-120x80.png 120w\" sizes=\"(max-width: 700px) 100vw, 700px\" \/><figcaption>Mercedes Vito<\/figcaption><\/figure><\/li><li class=\"blocks-gallery-item\"><figure><img decoding=\"async\" loading=\"lazy\" width=\"700\" height=\"466\" src=\"http:\/\/pohorje-turizem.com\/turizem\/wp-content\/uploads\/2020\/05\/Vito-4-700x466.jpg\" alt=\"\" data-id=\"7662\" data-link=\"http:\/\/pohorje-turizem.com\/turizem\/opel-vivaro-81\/attachment\/vito-4\" class=\"wp-image-7662\" srcset=\"http:\/\/pohorje-turizem.com\/turizem\/wp-content\/uploads\/2020\/05\/Vito-4.jpg 700w, http:\/\/pohorje-turizem.com\/turizem\/wp-content\/uploads\/2020\/05\/Vito-4-250x166.jpg 250w, http:\/\/pohorje-turizem.com\/turizem\/wp-content\/uploads\/2020\/05\/Vito-4-120x80.jpg 120w\" sizes=\"(max-width: 700px) 100vw, 700px\" \/><figcaption>Mercedes Vito <\/figcaption><\/figure><\/li><li class=\"blocks-gallery-item\"><figure><img decoding=\"async\" loading=\"lazy\" width=\"699\" height=\"466\" src=\"http:\/\/pohorje-turizem.com\/turizem\/wp-content\/uploads\/2020\/05\/Vito-1.png\" alt=\"\" data-id=\"7659\" data-link=\"http:\/\/pohorje-turizem.com\/turizem\/opel-vivaro-81\/attachment\/vito-1\" class=\"wp-image-7659\" srcset=\"http:\/\/pohorje-turizem.com\/turizem\/wp-content\/uploads\/2020\/05\/Vito-1.png 699w, http:\/\/pohorje-turizem.com\/turizem\/wp-content\/uploads\/2020\/05\/Vito-1-250x167.png 250w, http:\/\/pohorje-turizem.com\/turizem\/wp-content\/uploads\/2020\/05\/Vito-1-120x80.png 120w\" sizes=\"(max-width: 699px) 100vw, 699px\" \/><figcaption>Mercedes Vito<\/figcaption><\/figure><\/li><\/ul>\n","protected":false},"excerpt":{"rendered":"OPIS: Podalj\u0161an kombi, \u010drne barce OPREMA: dvojna klima, cd-player, navigacija \u0160T. SEDE\u017dEV: 8+1","protected":false},"author":1,"featured_media":0,"parent":0,"menu_order":0,"comment_status":"closed","ping_status":"closed","template":"","meta":[],"_links":{"self":[{"href":"http:\/\/pohorje-turizem.com\/turizem\/wp-json\/wp\/v2\/pages\/5896"}],"collection":[{"href":"http:\/\/pohorje-turizem.com\/turizem\/wp-json\/wp\/v2\/pages"}],"about":[{"href":"http:\/\/pohorje-turizem.com\/turizem\/wp-json\/wp\/v2\/types\/page"}],"author":[{"embeddable":true,"href":"http:\/\/pohorje-turizem.com\/turizem\/wp-json\/wp\/v2\/users\/1"}],"replies":[{"embeddable":true,"href":"http:\/\/pohorje-turizem.com\/turizem\/wp-json\/wp\/v2\/comments?post=5896"}],"version-history":[{"count":3,"href":"http:\/\/pohorje-turizem.com\/turizem\/wp-json\/wp\/v2\/pages\/5896\/revisions"}],"predecessor-version":[{"id":7663,"href":"http:\/\/pohorje-turizem.com\/turizem\/wp-json\/wp\/v2\/pages\/5896\/revisions\/7663"}],"wp:attachment":[{"href":"http:\/\/pohorje-turizem.com\/turizem\/wp-json\/wp\/v2\/media?parent=5896"}],"curies":[{"name":"wp","href":"https:\/\/api.w.org\/{rel}","templated":true}]}}