{"id":5937,"date":"2019-03-12T07:36:20","date_gmt":"2019-03-12T07:36:20","guid":{"rendered":"http:\/\/pohorje-turizem.com\/turizem\/?page_id=5937"},"modified":"2019-03-12T07:36:21","modified_gmt":"2019-03-12T07:36:21","slug":"mercedes-benz-tourismo-4921","status":"publish","type":"page","link":"http:\/\/pohorje-turizem.com\/turizem\/mercedes-benz-tourismo-4921","title":{"rendered":"Mercedes Benz TOURISMO (49+2+1)"},"content":{"rendered":"\n<p><strong>TIP AVTOBUSA:<\/strong> Mercedes Benz TOURISMO<\/p>\n\n\n\n<p><strong>OPIS:<\/strong> visokopodni turisti\u010dni avtobus, EURO 5 <br><strong>OPREMA:<\/strong> klima, hladilnik, video, tv, cd-player<br><strong>\u0160T. SEDE\u017dEV:<\/strong> 49+2+1<\/p>\n\n\n\n<ul class=\"wp-block-gallery columns-3 is-cropped wp-block-gallery-1 is-layout-flex\"><li class=\"blocks-gallery-item\"><figure><a href=\"http:\/\/pohorje-turizem.com\/turizem\/wp-content\/uploads\/2019\/03\/KK1-700x467.jpg\"><img decoding=\"async\" loading=\"lazy\" width=\"700\" height=\"467\" src=\"http:\/\/pohorje-turizem.com\/turizem\/wp-content\/uploads\/2019\/03\/KK1-700x467.jpg\" alt=\"\" data-id=\"5938\" data-link=\"http:\/\/pohorje-turizem.com\/turizem\/?attachment_id=5938\" class=\"wp-image-5938\" srcset=\"http:\/\/pohorje-turizem.com\/turizem\/wp-content\/uploads\/2019\/03\/KK1.jpg 700w, http:\/\/pohorje-turizem.com\/turizem\/wp-content\/uploads\/2019\/03\/KK1-250x167.jpg 250w, http:\/\/pohorje-turizem.com\/turizem\/wp-content\/uploads\/2019\/03\/KK1-120x80.jpg 120w\" sizes=\"(max-width: 700px) 100vw, 700px\" \/><\/a><\/figure><\/li><li class=\"blocks-gallery-item\"><figure><a href=\"http:\/\/pohorje-turizem.com\/turizem\/wp-content\/uploads\/2019\/03\/KK2-700x467.jpg\"><img decoding=\"async\" loading=\"lazy\" width=\"700\" height=\"467\" src=\"http:\/\/pohorje-turizem.com\/turizem\/wp-content\/uploads\/2019\/03\/KK2-700x467.jpg\" alt=\"\" data-id=\"5939\" data-link=\"http:\/\/pohorje-turizem.com\/turizem\/?attachment_id=5939\" class=\"wp-image-5939\" srcset=\"http:\/\/pohorje-turizem.com\/turizem\/wp-content\/uploads\/2019\/03\/KK2.jpg 700w, http:\/\/pohorje-turizem.com\/turizem\/wp-content\/uploads\/2019\/03\/KK2-250x167.jpg 250w, http:\/\/pohorje-turizem.com\/turizem\/wp-content\/uploads\/2019\/03\/KK2-120x80.jpg 120w\" sizes=\"(max-width: 700px) 100vw, 700px\" \/><\/a><\/figure><\/li><li class=\"blocks-gallery-item\"><figure><a href=\"http:\/\/pohorje-turizem.com\/turizem\/wp-content\/uploads\/2019\/03\/KK3-700x466.jpg\"><img decoding=\"async\" loading=\"lazy\" width=\"700\" height=\"466\" src=\"http:\/\/pohorje-turizem.com\/turizem\/wp-content\/uploads\/2019\/03\/KK3-700x466.jpg\" alt=\"\" data-id=\"5940\" data-link=\"http:\/\/pohorje-turizem.com\/turizem\/?attachment_id=5940\" class=\"wp-image-5940\" srcset=\"http:\/\/pohorje-turizem.com\/turizem\/wp-content\/uploads\/2019\/03\/KK3-700x466.jpg 700w, http:\/\/pohorje-turizem.com\/turizem\/wp-content\/uploads\/2019\/03\/KK3-250x167.jpg 250w, http:\/\/pohorje-turizem.com\/turizem\/wp-content\/uploads\/2019\/03\/KK3-120x80.jpg 120w, http:\/\/pohorje-turizem.com\/turizem\/wp-content\/uploads\/2019\/03\/KK3.jpg 701w\" sizes=\"(max-width: 700px) 100vw, 700px\" \/><\/a><\/figure><\/li><li class=\"blocks-gallery-item\"><figure><a href=\"http:\/\/pohorje-turizem.com\/turizem\/wp-content\/uploads\/2019\/03\/KK4-700x466.jpg\"><img decoding=\"async\" loading=\"lazy\" width=\"700\" height=\"466\" src=\"http:\/\/pohorje-turizem.com\/turizem\/wp-content\/uploads\/2019\/03\/KK4-700x466.jpg\" alt=\"\" data-id=\"5941\" data-link=\"http:\/\/pohorje-turizem.com\/turizem\/?attachment_id=5941\" class=\"wp-image-5941\" srcset=\"http:\/\/pohorje-turizem.com\/turizem\/wp-content\/uploads\/2019\/03\/KK4.jpg 700w, http:\/\/pohorje-turizem.com\/turizem\/wp-content\/uploads\/2019\/03\/KK4-250x166.jpg 250w, http:\/\/pohorje-turizem.com\/turizem\/wp-content\/uploads\/2019\/03\/KK4-120x80.jpg 120w\" sizes=\"(max-width: 700px) 100vw, 700px\" \/><\/a><\/figure><\/li><\/ul>\n","protected":false},"excerpt":{"rendered":"TIP AVTOBUSA: Mercedes Benz TOURISMO OPIS: visokopodni turisti\u010dni avtobus, EURO 5 OPREMA: klima, hladilnik, video, tv, cd-player\u0160T. SEDE\u017dEV: 49+2+1","protected":false},"author":1,"featured_media":0,"parent":0,"menu_order":0,"comment_status":"closed","ping_status":"closed","template":"","meta":[],"_links":{"self":[{"href":"http:\/\/pohorje-turizem.com\/turizem\/wp-json\/wp\/v2\/pages\/5937"}],"collection":[{"href":"http:\/\/pohorje-turizem.com\/turizem\/wp-json\/wp\/v2\/pages"}],"about":[{"href":"http:\/\/pohorje-turizem.com\/turizem\/wp-json\/wp\/v2\/types\/page"}],"author":[{"embeddable":true,"href":"http:\/\/pohorje-turizem.com\/turizem\/wp-json\/wp\/v2\/users\/1"}],"replies":[{"embeddable":true,"href":"http:\/\/pohorje-turizem.com\/turizem\/wp-json\/wp\/v2\/comments?post=5937"}],"version-history":[{"count":1,"href":"http:\/\/pohorje-turizem.com\/turizem\/wp-json\/wp\/v2\/pages\/5937\/revisions"}],"predecessor-version":[{"id":5943,"href":"http:\/\/pohorje-turizem.com\/turizem\/wp-json\/wp\/v2\/pages\/5937\/revisions\/5943"}],"wp:attachment":[{"href":"http:\/\/pohorje-turizem.com\/turizem\/wp-json\/wp\/v2\/media?parent=5937"}],"curies":[{"name":"wp","href":"https:\/\/api.w.org\/{rel}","templated":true}]}}