{"id":6385,"date":"2019-05-20T09:16:20","date_gmt":"2019-05-20T09:16:20","guid":{"rendered":"http:\/\/pohorje-turizem.com\/turizem\/?page_id=6385"},"modified":"2019-05-20T09:16:21","modified_gmt":"2019-05-20T09:16:21","slug":"mobilne-hiske","status":"publish","type":"page","link":"http:\/\/pohorje-turizem.com\/turizem\/mobilne-hiske","title":{"rendered":"Mobilne hi\u0161ke"},"content":{"rendered":"<p>V zadnjem \u010dasu so izredno priljubljene postale mobilne hi\u0161ice. V njih je pre\u017eivljanje dopusta namre\u010d zelo prijetno, saj zdru\u017eujejo vse prednosti kampiranja in najema apartmaja. V njih boste imeli vso svobodo, ki ste jo vajeni s kampiranja, hkrati pa bo poskrbljeno za udobje, ki ga nudi trdna streha nad glavo. Tako vam ne bo treba skrbeti glede slabega vremena, kar je \u0161e posebej pomembno pred za\u010detkom sezono in po njej, ko so cene sicer ni\u017eje, vreme pa lahko nekoliko bolj muhasto in zato manj primerno za kampiranje<\/p>\n<p>Mobilne hi\u0161ice Hrva\u0161ka najdete skorajda v vseh obmorskih kampih. Name\u0161\u010dene so v bli\u017eini morja ter navadno omogo\u010dajo lep razgled nanj. Za tako vrsto dopusta ne boste potrebovali nobene dodatne opreme za kampiranje, kar pomeni manj ukvarjanja s pakiranjem in zlaganjem stvari v avto. Na voljo so tako mobilne hi\u0161ke Istra, Kvarner ali na otokih vzdol\u017e razgibane in dolge hrva\u0161ke obale. Oglejte si pestro izbiro in odkrijte najbolj\u0161o destinacijo za va\u0161 dopust!<\/p>\n","protected":false},"excerpt":{"rendered":"V zadnjem \u010dasu so izredno priljubljene postale mobilne hi\u0161ice. V njih je pre\u017eivljanje dopusta namre\u010d zelo prijetno, saj zdru\u017eujejo vse prednosti kampiranja in najema apartmaja. V njih boste imeli vso svobodo, ki ste jo vajeni s kampiranja, hkrati pa bo poskrbljeno za udobje, ki ga nudi trdna streha nad glavo. Tako vam ne bo treba&#8230; <a class=\"view-article\" href=\"http:\/\/pohorje-turizem.com\/turizem\/mobilne-hiske\">View Article<\/a>","protected":false},"author":1,"featured_media":6386,"parent":0,"menu_order":0,"comment_status":"closed","ping_status":"closed","template":"drzava-template.php","meta":[],"_links":{"self":[{"href":"http:\/\/pohorje-turizem.com\/turizem\/wp-json\/wp\/v2\/pages\/6385"}],"collection":[{"href":"http:\/\/pohorje-turizem.com\/turizem\/wp-json\/wp\/v2\/pages"}],"about":[{"href":"http:\/\/pohorje-turizem.com\/turizem\/wp-json\/wp\/v2\/types\/page"}],"author":[{"embeddable":true,"href":"http:\/\/pohorje-turizem.com\/turizem\/wp-json\/wp\/v2\/users\/1"}],"replies":[{"embeddable":true,"href":"http:\/\/pohorje-turizem.com\/turizem\/wp-json\/wp\/v2\/comments?post=6385"}],"version-history":[{"count":1,"href":"http:\/\/pohorje-turizem.com\/turizem\/wp-json\/wp\/v2\/pages\/6385\/revisions"}],"predecessor-version":[{"id":6388,"href":"http:\/\/pohorje-turizem.com\/turizem\/wp-json\/wp\/v2\/pages\/6385\/revisions\/6388"}],"wp:featuredmedia":[{"embeddable":true,"href":"http:\/\/pohorje-turizem.com\/turizem\/wp-json\/wp\/v2\/media\/6386"}],"wp:attachment":[{"href":"http:\/\/pohorje-turizem.com\/turizem\/wp-json\/wp\/v2\/media?parent=6385"}],"curies":[{"name":"wp","href":"https:\/\/api.w.org\/{rel}","templated":true}]}}