{"id":7101,"date":"2019-09-19T13:19:39","date_gmt":"2019-09-19T13:19:39","guid":{"rendered":"http:\/\/pohorje-turizem.com\/turizem\/?page_id=7101"},"modified":"2019-09-19T13:19:40","modified_gmt":"2019-09-19T13:19:40","slug":"obrazec-standardnih-informacij","status":"publish","type":"page","link":"http:\/\/pohorje-turizem.com\/turizem\/obrazec-standardnih-informacij","title":{"rendered":"Obrazec standardnih informacij"},"content":{"rendered":"\n<p><strong>&nbsp;<\/strong><strong>Obrazec standardnih informacij za pogodbe o\npaketnem potovanju in povezanih potovalnih aran\u017emajih <\/strong><\/p>\n\n\n\n<p>Ponujena\nkombinacija potovalnih storitev je turisti\u010dni paket v smislu zakona, ki ureja\nvarstvo potro\u0161nikov.<\/p>\n\n\n\n<p>Zato boste upravi\u010deni do\nvseh pravic EU, ki veljajo za turisti\u010dne pakete. Podjetje Pohorje turizem,\nBorut Zadek s.p. prevzema polno odgovornost za ustrezno izvedbo\nturisti\u010dnega paketa v celoti. Poleg tega podjetje Pohorje\nturizem, Borut Zadek s.p. v skladu z zakonom, ki ureja varstvo\npotro\u0161nikov, zagotavlja(-jo) jamstvo, da se v primeru njegovih\/njihovih likvidnostnih te\u017eav\npovrnejo va\u0161a pla\u010dila in zagotovi va\u0161 povratek, kadar turisti\u010dni paket\nvklju\u010duje prevoz.<\/p>\n\n\n\n<p><strong>Klju\u010dne pravice na podlagi zakona, ki ureja varstvo potro\u0161nikov:<\/strong><\/p>\n\n\n\n<p>\u2013 Potro\u0161niki prejmejo vse bistvene informacije o turisti\u010dnem\npaketu pred sklenitvijo pogodbe o paketnem potovanju.<\/p>\n\n\n\n<p>\u2013 Za ustrezno izvedbo vseh potovalnih\nstoritev, vklju\u010denih v pogodbo, je vedno odgovorno vsaj eno podjetje.<\/p>\n\n\n\n<p>\u2013 Potro\u0161niki prejmejo telefonsko \u0161tevilko za\nnujne primere ali podatke o kontaktni to\u010dki, prek katere lahko pridejo v stik z\norganizatorjem potovanja ali potovalno agencijo.<\/p>\n\n\n\n<p>\u2013 Potro\u0161niki lahko z obvestilom v razumnem\nroku in ob pla\u010dilu morebitnih dodatnih stro\u0161kov turisti\u010dni paket prenesejo na drugo osebo.<\/p>\n\n\n\n<p>\u2013 Cena\nturisti\u010dnega paketa se lahko pove\u010da le, \u010de nastanejo posebni stro\u0161ki (na primer\ncene goriva) in \u010de je to izrecno dolo\u010deno v pogodbi, v nobenem primeru pa ne\npozneje kot 20 dni pred za\u010detkom turisti\u010dnega paketa. \u010ce se cena povi\u0161a za ve\u010d\nkot 8 odstotkov cene turisti\u010dnega paketa, lahko potro\u0161nik odstopi od pogodbe. \u010ce si\norganizator potovanja pridr\u017euje pravico do povi\u0161anja cene, ima potro\u0161nik pravico\ndo zni\u017eanja cene, \u010de pride do zni\u017eanja zadevnih stro\u0161kov.<\/p>\n\n\n\n<p>\u2013\nPotro\u0161niki lahko odstopijo od pogodbe brez pla\u010dila kakr\u0161ne koli odstopnine in\nprejmejo celotno povra\u010dilo vseh pla\u010dil, \u010de se je znatno spremenil kateri od\nbistvenih elementov turisti\u010dnega paketa razen cene. \u010ce podjetje, odgovorno za turisti\u010dni paket, turisti\u010dni\npaket pred njegovim za\u010detkom prekli\u010de, so\npotro\u0161niki upravi\u010deni do povra\u010dila pla\u010dil, kadar je to ustrezno, pa tudi do\npovrnitve \u0161kode.<\/p>\n\n\n\n<p>\u2013 Potro\u0161niki lahko v primeru\nizrednih okoli\u0161\u010din odstopijo od pogodbe pred za\u010detkom turisti\u010dnega paketa brez pla\u010dila kakr\u0161ne koli odstopnine, na\nprimer, \u010de v kraju potovanja nastanejo resne varnostne te\u017eave, ki bi\nverjetno vplivale na turisti\u010dni paket.<\/p>\n\n\n\n<p>\u2013 Poleg tega potro\u0161niki lahko odstopijo od pogodbe kadar koli pred\nza\u010detkom turisti\u010dnega paketa proti pla\u010dilu ustrezne in upravi\u010dene odstopnine.<\/p>\n\n\n\n<p>\u2013 \u010ce\nbistvenih elementov turisti\u010dnega paketa po njegovem za\u010detku ni mogo\u010de\nzagotoviti v skladu z dogovorom, je treba potro\u0161niku brez dodatnih\nstro\u0161kov ponuditi primerne nadomestne aran\u017emaje. Potro\u0161niki lahko brez pla\u010dila kakr\u0161ne koli\nodstopnine odstopijo od pogodbe, kadar storitve niso izvedene v skladu s\npogodbo in to znatno vpliva na izvedbo turisti\u010dnega paketa ter organizator\npotovanja te\u017eave ne odpravi.<\/p>\n\n\n\n<p>\u2013 Potro\u0161niki so upravi\u010deni tudi do zni\u017eanja\ncene in\/ali povrnitve \u0161kode, kadar potovalne storitve niso izvedene ali so neustrezno\nizvedene.<\/p>\n\n\n\n<p>\u2013 \u010ce je potro\u0161nik v te\u017eavah,\nmora organizator potovanja zagotoviti pomo\u010d.<\/p>\n\n\n\n<p>\u2013 \u010ce\nima organizator potovanja ali prodajalec potovanja, kadar zagotavlja jamstvo v\nprimeru likvidnostnih te\u017eav, likvidnostne te\u017eave, se pla\u010dila povrnejo. \u010ce ima\norganizator potovanja ali prodajalec potovanja, kadar zagotavlja jamstvo v primeru likvidnostnih\nte\u017eav, likvidnostne te\u017eave po za\u010detku\nturisti\u010dnega paketa in je v turisti\u010dni paket vklju\u010den prevoz, se zagotovi\npovratek potro\u0161nikov. Pohorje turizem, Borut Zadek s.p. je jamstvo v primeru likvidnostnih te\u017eav\nzagotovil pri YZ Zavarovalnici Sava d.d. \u010ce se izvedba storitev zavrne\nzaradi likvidnostnih te\u017eav podjetja Pohorje\nturizem, Borut Zadek s.p., se\npotro\u0161niki lahko obrnejo na ta subjekt ali po potrebi na pristojni organ (Zavarovalnica Sava d.d., Cankarjeva ulica 3,\n2000 Maribor; kontaktna oseba Darinka Lu\u017ear, T: +386 2 2332 573, <a href=\"mailto:darinka.Luzar@zav-sava.si\">darinka.Luzar@zav-sava.si<\/a>)<\/p>\n\n\n\n<p>Zakon, ki ureja varstvo\npotro\u0161nikov (ZVPot) najdete na povezavi: <\/p>\n\n\n\n<p><a href=\"http:\/\/www.pisrs.si\/Pis.web\/pregledPredpisa?id=ZAKO513#\">http:\/\/www.pisrs.si\/Pis.web\/pregledPredpisa?id=ZAKO513#<\/a><\/p>\n\n\n\n<p><strong>Obrazec\nstandardnih informacij za povezane potovalne aran\u017emaje (poslovalnica) <\/strong><\/p>\n\n\n\n<p>\u010ce po izbiri in pla\u010dilu ene potovalne\nstoritve prek na\u0161ega podjetja Turisti\u010dne agencije Pohorje turizem, Borut Zadek\ns.p. rezervirate dodatne potovalne storitve za svoje potovanje ali po\u010ditnice,\nNE BOSTE upravi\u010deni do pravic, ki na podlagi zakona, ki ureja varstvo\npotro\u0161nikov, veljajo za turisti\u010dne pakete. Na\u0161e podjetje Turisti\u010dna agencija\nPohorje turizem, Borut Zadek s.p. zato ne bo odgovorno za ustrezno izvedbo\nposameznih potovalnih storitev. Prosimo, da se v primeru te\u017eav obrnete na\nzadevnega ponudnika storitev. \u010ce pa med istim obiskom na\u0161ega podjetja\nTuristi\u010dna agencija Pohorje turizem, Borut Zadek s.p. ali stikom z njim\nrezervirate kakr\u0161ne koli dodatne potovalne storitve, bodo potovalne storitve\npostale del povezanega potovalnega aran\u017emaja. <\/p>\n\n\n\n<p>V tem primeru Turisti\u010dna agencija\nPohorje turizem, Borut Zadek s.p v skladu s pravom EU zagotavlja jamstvo za\nvra\u010dilo va\u0161ih pla\u010dil Turisti\u010dni agenciji Pohorje turizem Borut Zadek s.p za\nstoritve, ki niso bile opravljene zaradi likvidnostnih te\u017eav Turisti\u010dne\nagencije Pohorje turizem Borut Zadek s.p.; &nbsp;<\/p>\n\n\n\n<p>Opozarjamo vas, da to ne zagotavlja\npovra\u010dila v primeru likvidnostnih te\u017eav zadevnega ponudnika storitev.\nTuristi\u010dna agencija Pohorje turizem Borut Zadek s.p je jamstvo v primeru\nlikvidnostnih te\u017eav zagotovila pri Zavarovalnici Sava d. d.; &nbsp;Potro\u0161niki se lahko obrnejo na ta subjekt, \u010de\nstoritve zaradi likvidnostnih te\u017eav Turisti\u010dne agencije Pohorje turizem Borut\nZadek s.p niso izvedene. Opomba: To jamstvo v primeru likvidnostnih te\u017eav ne\nzajema pogodb z drugimi strankami, ki niso Turisti\u010dna agencija Pohorje turizem\nBorut Zadek s.p., ki se lahko izpolnijo kljub likvidnostnim te\u017eavam Turisti\u010dne\nagencije Pohorje turizem Borut Zadek s.p. <\/p>\n\n\n\n<p>Zakon, ki ureja varstvo\npotro\u0161nikov (ZVPot) najdete na povezavi: <\/p>\n\n\n\n<p><a href=\"http:\/\/www.pisrs.si\/Pis.web\/pregledPredpisa?id=ZAKO513#\">http:\/\/www.pisrs.si\/Pis.web\/pregledPredpisa?id=ZAKO513#<\/a><\/p>\n\n\n\n<p>V Slovenski Bistrici, 15.9.2019 <\/p>\n","protected":false},"excerpt":{"rendered":"&nbsp;Obrazec standardnih informacij za pogodbe o paketnem potovanju in povezanih potovalnih aran\u017emajih Ponujena kombinacija potovalnih storitev je turisti\u010dni paket v smislu zakona, ki ureja varstvo potro\u0161nikov. Zato boste upravi\u010deni do vseh pravic EU, ki veljajo za turisti\u010dne pakete. Podjetje Pohorje turizem, Borut Zadek s.p. prevzema polno odgovornost za ustrezno izvedbo turisti\u010dnega paketa v celoti. Poleg&#8230; <a class=\"view-article\" href=\"http:\/\/pohorje-turizem.com\/turizem\/obrazec-standardnih-informacij\">View Article<\/a>","protected":false},"author":1,"featured_media":0,"parent":0,"menu_order":0,"comment_status":"closed","ping_status":"closed","template":"","meta":[],"_links":{"self":[{"href":"http:\/\/pohorje-turizem.com\/turizem\/wp-json\/wp\/v2\/pages\/7101"}],"collection":[{"href":"http:\/\/pohorje-turizem.com\/turizem\/wp-json\/wp\/v2\/pages"}],"about":[{"href":"http:\/\/pohorje-turizem.com\/turizem\/wp-json\/wp\/v2\/types\/page"}],"author":[{"embeddable":true,"href":"http:\/\/pohorje-turizem.com\/turizem\/wp-json\/wp\/v2\/users\/1"}],"replies":[{"embeddable":true,"href":"http:\/\/pohorje-turizem.com\/turizem\/wp-json\/wp\/v2\/comments?post=7101"}],"version-history":[{"count":1,"href":"http:\/\/pohorje-turizem.com\/turizem\/wp-json\/wp\/v2\/pages\/7101\/revisions"}],"predecessor-version":[{"id":7103,"href":"http:\/\/pohorje-turizem.com\/turizem\/wp-json\/wp\/v2\/pages\/7101\/revisions\/7103"}],"wp:attachment":[{"href":"http:\/\/pohorje-turizem.com\/turizem\/wp-json\/wp\/v2\/media?parent=7101"}],"curies":[{"name":"wp","href":"https:\/\/api.w.org\/{rel}","templated":true}]}}