{"id":7713,"date":"2020-06-10T09:10:53","date_gmt":"2020-06-10T09:10:53","guid":{"rendered":"http:\/\/pohorje-turizem.com\/turizem\/?page_id=7713"},"modified":"2020-06-10T09:57:49","modified_gmt":"2020-06-10T09:57:49","slug":"floating-house","status":"publish","type":"page","link":"http:\/\/pohorje-turizem.com\/turizem\/floating-house","title":{"rendered":"FLOATING HOUSE"},"content":{"rendered":"\n<h2 class=\"wp-block-heading\">FLOATING HOUSE Marina Portoro\u017e<\/h2>\n\n\n\n<h2 class=\"wp-block-heading\"> <br>Bivalno plovilo v prijetnem zavetju Marine Portoro\u017e <br><\/h2>\n\n\n\n<p>Floating Sea House Marina Portoroz je privezana plavajo\u010da\nhi\u0161ica v marini Portoro\u017e. Klimatizirana nastanitev s stre\u0161no teraso za son\u010denje\nz le\u017ealniki in lastno masa\u017eno vro\u010do kopeljo s pogledom na morje in mesto\nPortoro\u017e. Terasa je opremljena z moderno tendo na elektri\u010dni pogon.<\/p>\n\n\n\n<p>Na voljo sta tudi brezpla\u010den WiFi in brezpla\u010dno zasebno\nparkiri\u0161\u010de v sklopu nastanitve.<\/p>\n\n\n\n<p>Zelo moderno opremljena enota nudi 2 spalnici, popolnoma\nopremljeno kuhinjo s pomivalnim strojem, vinsko vitrino in dnevnim prostorom z\nraztegljivo sede\u017eno garnituro ter s TV z ravnim zaslonom. V zasebni kopalnici\nje na voljo sodobna prha in su\u0161ilec za lase, poskrbljeno pa je tudi za brisa\u010de\nin posteljnino.<\/p>\n\n\n\n<p>V sklopu nastanitve je na voljo zasebni privez za \u010doln. Ta\nnastanitev stoji na eni najbolje ocenjenih lokacij v mestu Portoro\u017e! V\nprimerjavi z ostalimi nastanitvami v okolici, so gosti s to bolj zadovoljni.<\/p>\n\n\n\n<p>V letu 2020 sta na voljo za njem dve hi\u0161ici.<\/p>\n\n\n\n<p><strong>CENA najema na no\u010d MM:<\/strong><\/p>\n\n\n\n<table class=\"wp-block-table\"><tbody><tr><td>   <strong>CENA <\/strong><\/td><td>\n  <strong>TERMIN<\/strong>\n  <\/td><\/tr><tr><td>\n  <strong>263\u20ac<\/strong>\n  <\/td><td>\n  (22. 06. \u2013 02. 09.) (30. 12. \u2013 02. 01.)\n  <\/td><\/tr><tr><td>\n  <strong>175\u20ac<\/strong>\n  <\/td><td>\n  (01. 06. \u2013 21. 06.) (03. 09. \u2013 30. 09.)\n  <\/td><\/tr><tr><td>\n  <strong>142\u20ac<\/strong>\n  <\/td><td>\n  (30. 03. \u2013 31. 05) (01. 10 \u2013 04. 11.)\n  <\/td><\/tr><tr><td>\n  <strong>120\u20ac<\/strong>\n  <\/td><td>\n  (03. 01. \u2013 29. 03.) (05.11.-29.12.)\n  <\/td><\/tr><\/tbody><\/table>\n\n\n\n<p><strong>Dopla\u010dilo na bivanje: <\/strong><\/p>\n\n\n\n<ul><li>45\u20ac \u010di\u0161\u010denje; za \u010das bivanja<\/li><li>80\u20ac uporaba zasebnega masa\u017enega bazena (Jaccuzi na\n     terasi hi\u0161ice); za \u010das bivanja<\/li><li><strong>Opcijsko<\/strong>: zajtrk 11\u20ac\/osebo\/dan v Restavraciji Marina<\/li><\/ul>\n\n\n\n<p><strong>Dodatna pravila:<\/strong><\/p>\n\n\n\n<p>Minimalen najem: 2 no\u010di<\/p>\n\n\n\n<p>Turisti\u010dna taksa se pla\u010da na recepciji.<\/p>\n\n\n\n<ul class=\"wp-block-gallery columns-4 is-cropped wp-block-gallery-1 is-layout-flex\"><li class=\"blocks-gallery-item\"><figure><a href=\"http:\/\/pohorje-turizem.com\/turizem\/wp-content\/uploads\/2020\/06\/IMG_1443-700x525.jpeg\"><img decoding=\"async\" loading=\"lazy\" width=\"700\" height=\"525\" src=\"http:\/\/pohorje-turizem.com\/turizem\/wp-content\/uploads\/2020\/06\/IMG_1443-700x525.jpeg\" alt=\"\" data-id=\"7735\" data-link=\"http:\/\/pohorje-turizem.com\/turizem\/floating-house\/attachment\/img_1443\" class=\"wp-image-7735\" srcset=\"http:\/\/pohorje-turizem.com\/turizem\/wp-content\/uploads\/2020\/06\/IMG_1443.jpeg 700w, http:\/\/pohorje-turizem.com\/turizem\/wp-content\/uploads\/2020\/06\/IMG_1443-250x188.jpeg 250w, http:\/\/pohorje-turizem.com\/turizem\/wp-content\/uploads\/2020\/06\/IMG_1443-120x90.jpeg 120w\" sizes=\"(max-width: 700px) 100vw, 700px\" \/><\/a><\/figure><\/li><li class=\"blocks-gallery-item\"><figure><a href=\"http:\/\/pohorje-turizem.com\/turizem\/wp-content\/uploads\/2020\/06\/IMG_2855-700x525.jpeg\"><img decoding=\"async\" loading=\"lazy\" width=\"700\" height=\"525\" src=\"http:\/\/pohorje-turizem.com\/turizem\/wp-content\/uploads\/2020\/06\/IMG_2855-700x525.jpeg\" alt=\"\" data-id=\"7736\" data-link=\"http:\/\/pohorje-turizem.com\/turizem\/floating-house\/attachment\/img_2855\" class=\"wp-image-7736\" srcset=\"http:\/\/pohorje-turizem.com\/turizem\/wp-content\/uploads\/2020\/06\/IMG_2855.jpeg 700w, http:\/\/pohorje-turizem.com\/turizem\/wp-content\/uploads\/2020\/06\/IMG_2855-250x188.jpeg 250w, http:\/\/pohorje-turizem.com\/turizem\/wp-content\/uploads\/2020\/06\/IMG_2855-120x90.jpeg 120w\" sizes=\"(max-width: 700px) 100vw, 700px\" \/><\/a><\/figure><\/li><li class=\"blocks-gallery-item\"><figure><a href=\"http:\/\/pohorje-turizem.com\/turizem\/wp-content\/uploads\/2020\/06\/IMG_3086-700x525.jpeg\"><img decoding=\"async\" loading=\"lazy\" width=\"700\" height=\"525\" src=\"http:\/\/pohorje-turizem.com\/turizem\/wp-content\/uploads\/2020\/06\/IMG_3086-700x525.jpeg\" alt=\"\" data-id=\"7737\" data-link=\"http:\/\/pohorje-turizem.com\/turizem\/floating-house\/attachment\/img_3086\" class=\"wp-image-7737\" srcset=\"http:\/\/pohorje-turizem.com\/turizem\/wp-content\/uploads\/2020\/06\/IMG_3086.jpeg 700w, http:\/\/pohorje-turizem.com\/turizem\/wp-content\/uploads\/2020\/06\/IMG_3086-250x188.jpeg 250w, http:\/\/pohorje-turizem.com\/turizem\/wp-content\/uploads\/2020\/06\/IMG_3086-120x90.jpeg 120w\" sizes=\"(max-width: 700px) 100vw, 700px\" \/><\/a><\/figure><\/li><li class=\"blocks-gallery-item\"><figure><a href=\"http:\/\/pohorje-turizem.com\/turizem\/wp-content\/uploads\/2020\/06\/IMG_6000-700x525.jpeg\"><img decoding=\"async\" loading=\"lazy\" width=\"700\" height=\"525\" src=\"http:\/\/pohorje-turizem.com\/turizem\/wp-content\/uploads\/2020\/06\/IMG_6000-700x525.jpeg\" alt=\"\" data-id=\"7738\" data-link=\"http:\/\/pohorje-turizem.com\/turizem\/floating-house\/attachment\/img_6000\" class=\"wp-image-7738\" srcset=\"http:\/\/pohorje-turizem.com\/turizem\/wp-content\/uploads\/2020\/06\/IMG_6000.jpeg 700w, http:\/\/pohorje-turizem.com\/turizem\/wp-content\/uploads\/2020\/06\/IMG_6000-250x188.jpeg 250w, http:\/\/pohorje-turizem.com\/turizem\/wp-content\/uploads\/2020\/06\/IMG_6000-120x90.jpeg 120w\" sizes=\"(max-width: 700px) 100vw, 700px\" \/><\/a><\/figure><\/li><li class=\"blocks-gallery-item\"><figure><a href=\"http:\/\/pohorje-turizem.com\/turizem\/wp-content\/uploads\/2020\/06\/IMG_6460-700x525.jpeg\"><img decoding=\"async\" loading=\"lazy\" width=\"700\" height=\"525\" src=\"http:\/\/pohorje-turizem.com\/turizem\/wp-content\/uploads\/2020\/06\/IMG_6460-700x525.jpeg\" alt=\"\" data-id=\"7739\" data-link=\"http:\/\/pohorje-turizem.com\/turizem\/floating-house\/attachment\/img_6460\" class=\"wp-image-7739\" srcset=\"http:\/\/pohorje-turizem.com\/turizem\/wp-content\/uploads\/2020\/06\/IMG_6460.jpeg 700w, http:\/\/pohorje-turizem.com\/turizem\/wp-content\/uploads\/2020\/06\/IMG_6460-250x188.jpeg 250w, http:\/\/pohorje-turizem.com\/turizem\/wp-content\/uploads\/2020\/06\/IMG_6460-120x90.jpeg 120w\" sizes=\"(max-width: 700px) 100vw, 700px\" \/><\/a><\/figure><\/li><li class=\"blocks-gallery-item\"><figure><a href=\"http:\/\/pohorje-turizem.com\/turizem\/wp-content\/uploads\/2020\/06\/IMG_9327-700x525.jpeg\"><img decoding=\"async\" loading=\"lazy\" width=\"700\" height=\"525\" src=\"http:\/\/pohorje-turizem.com\/turizem\/wp-content\/uploads\/2020\/06\/IMG_9327-700x525.jpeg\" alt=\"\" data-id=\"7740\" data-link=\"http:\/\/pohorje-turizem.com\/turizem\/floating-house\/attachment\/img_9327\" class=\"wp-image-7740\" srcset=\"http:\/\/pohorje-turizem.com\/turizem\/wp-content\/uploads\/2020\/06\/IMG_9327.jpeg 700w, http:\/\/pohorje-turizem.com\/turizem\/wp-content\/uploads\/2020\/06\/IMG_9327-250x188.jpeg 250w, http:\/\/pohorje-turizem.com\/turizem\/wp-content\/uploads\/2020\/06\/IMG_9327-120x90.jpeg 120w\" sizes=\"(max-width: 700px) 100vw, 700px\" \/><\/a><\/figure><\/li><li class=\"blocks-gallery-item\"><figure><a href=\"http:\/\/pohorje-turizem.com\/turizem\/wp-content\/uploads\/2020\/06\/IMG_9372-700x525.jpeg\"><img decoding=\"async\" loading=\"lazy\" width=\"700\" height=\"525\" src=\"http:\/\/pohorje-turizem.com\/turizem\/wp-content\/uploads\/2020\/06\/IMG_9372-700x525.jpeg\" alt=\"\" data-id=\"7741\" data-link=\"http:\/\/pohorje-turizem.com\/turizem\/floating-house\/attachment\/img_9372\" class=\"wp-image-7741\" srcset=\"http:\/\/pohorje-turizem.com\/turizem\/wp-content\/uploads\/2020\/06\/IMG_9372.jpeg 700w, http:\/\/pohorje-turizem.com\/turizem\/wp-content\/uploads\/2020\/06\/IMG_9372-250x188.jpeg 250w, http:\/\/pohorje-turizem.com\/turizem\/wp-content\/uploads\/2020\/06\/IMG_9372-120x90.jpeg 120w\" sizes=\"(max-width: 700px) 100vw, 700px\" \/><\/a><\/figure><\/li><li class=\"blocks-gallery-item\"><figure><a href=\"http:\/\/pohorje-turizem.com\/turizem\/wp-content\/uploads\/2020\/06\/IMG_7977-700x525.jpeg\"><img decoding=\"async\" loading=\"lazy\" width=\"700\" height=\"525\" src=\"http:\/\/pohorje-turizem.com\/turizem\/wp-content\/uploads\/2020\/06\/IMG_7977-700x525.jpeg\" alt=\"\" data-id=\"7746\" data-link=\"http:\/\/pohorje-turizem.com\/turizem\/floating-house\/attachment\/img_7977\" class=\"wp-image-7746\" srcset=\"http:\/\/pohorje-turizem.com\/turizem\/wp-content\/uploads\/2020\/06\/IMG_7977.jpeg 700w, http:\/\/pohorje-turizem.com\/turizem\/wp-content\/uploads\/2020\/06\/IMG_7977-250x188.jpeg 250w, http:\/\/pohorje-turizem.com\/turizem\/wp-content\/uploads\/2020\/06\/IMG_7977-120x90.jpeg 120w\" sizes=\"(max-width: 700px) 100vw, 700px\" \/><\/a><\/figure><\/li><\/ul>\n\n\n\n<ul class=\"wp-block-gallery columns-5 is-cropped wp-block-gallery-3 is-layout-flex\"><li class=\"blocks-gallery-item\"><figure><a href=\"http:\/\/pohorje-turizem.com\/turizem\/wp-content\/uploads\/2020\/06\/IMG_3788.jpeg\"><img decoding=\"async\" loading=\"lazy\" width=\"600\" height=\"799\" src=\"http:\/\/pohorje-turizem.com\/turizem\/wp-content\/uploads\/2020\/06\/IMG_3788.jpeg\" alt=\"\" data-id=\"7747\" data-link=\"http:\/\/pohorje-turizem.com\/turizem\/floating-house\/attachment\/img_3788\" class=\"wp-image-7747\" srcset=\"http:\/\/pohorje-turizem.com\/turizem\/wp-content\/uploads\/2020\/06\/IMG_3788.jpeg 600w, http:\/\/pohorje-turizem.com\/turizem\/wp-content\/uploads\/2020\/06\/IMG_3788-250x333.jpeg 250w, http:\/\/pohorje-turizem.com\/turizem\/wp-content\/uploads\/2020\/06\/IMG_3788-120x160.jpeg 120w\" sizes=\"(max-width: 600px) 100vw, 600px\" \/><\/a><\/figure><\/li><li class=\"blocks-gallery-item\"><figure><a href=\"http:\/\/pohorje-turizem.com\/turizem\/wp-content\/uploads\/2020\/06\/IMG_4536.jpeg\"><img decoding=\"async\" loading=\"lazy\" width=\"600\" height=\"799\" src=\"http:\/\/pohorje-turizem.com\/turizem\/wp-content\/uploads\/2020\/06\/IMG_4536.jpeg\" alt=\"\" data-id=\"7748\" data-link=\"http:\/\/pohorje-turizem.com\/turizem\/floating-house\/attachment\/img_4536\" class=\"wp-image-7748\" srcset=\"http:\/\/pohorje-turizem.com\/turizem\/wp-content\/uploads\/2020\/06\/IMG_4536.jpeg 600w, http:\/\/pohorje-turizem.com\/turizem\/wp-content\/uploads\/2020\/06\/IMG_4536-250x333.jpeg 250w, http:\/\/pohorje-turizem.com\/turizem\/wp-content\/uploads\/2020\/06\/IMG_4536-120x160.jpeg 120w\" sizes=\"(max-width: 600px) 100vw, 600px\" \/><\/a><\/figure><\/li><li class=\"blocks-gallery-item\"><figure><a href=\"http:\/\/pohorje-turizem.com\/turizem\/wp-content\/uploads\/2020\/06\/IMG_6041.jpeg\"><img decoding=\"async\" loading=\"lazy\" width=\"600\" height=\"799\" src=\"http:\/\/pohorje-turizem.com\/turizem\/wp-content\/uploads\/2020\/06\/IMG_6041.jpeg\" alt=\"\" data-id=\"7749\" data-link=\"http:\/\/pohorje-turizem.com\/turizem\/floating-house\/attachment\/img_6041\" class=\"wp-image-7749\" srcset=\"http:\/\/pohorje-turizem.com\/turizem\/wp-content\/uploads\/2020\/06\/IMG_6041.jpeg 600w, http:\/\/pohorje-turizem.com\/turizem\/wp-content\/uploads\/2020\/06\/IMG_6041-250x333.jpeg 250w, http:\/\/pohorje-turizem.com\/turizem\/wp-content\/uploads\/2020\/06\/IMG_6041-120x160.jpeg 120w\" sizes=\"(max-width: 600px) 100vw, 600px\" \/><\/a><\/figure><\/li><li class=\"blocks-gallery-item\"><figure><a href=\"http:\/\/pohorje-turizem.com\/turizem\/wp-content\/uploads\/2020\/06\/IMG_9363.jpeg\"><img decoding=\"async\" loading=\"lazy\" width=\"600\" height=\"799\" src=\"http:\/\/pohorje-turizem.com\/turizem\/wp-content\/uploads\/2020\/06\/IMG_9363.jpeg\" alt=\"\" data-id=\"7750\" data-link=\"http:\/\/pohorje-turizem.com\/turizem\/floating-house\/attachment\/img_9363\" class=\"wp-image-7750\" srcset=\"http:\/\/pohorje-turizem.com\/turizem\/wp-content\/uploads\/2020\/06\/IMG_9363.jpeg 600w, http:\/\/pohorje-turizem.com\/turizem\/wp-content\/uploads\/2020\/06\/IMG_9363-250x333.jpeg 250w, http:\/\/pohorje-turizem.com\/turizem\/wp-content\/uploads\/2020\/06\/IMG_9363-120x160.jpeg 120w\" sizes=\"(max-width: 600px) 100vw, 600px\" \/><\/a><\/figure><\/li><li class=\"blocks-gallery-item\"><figure><a href=\"http:\/\/pohorje-turizem.com\/turizem\/wp-content\/uploads\/2020\/06\/IMG_9566.jpeg\"><img decoding=\"async\" loading=\"lazy\" width=\"600\" height=\"799\" src=\"http:\/\/pohorje-turizem.com\/turizem\/wp-content\/uploads\/2020\/06\/IMG_9566.jpeg\" alt=\"\" data-id=\"7751\" data-link=\"http:\/\/pohorje-turizem.com\/turizem\/floating-house\/attachment\/img_9566\" class=\"wp-image-7751\" srcset=\"http:\/\/pohorje-turizem.com\/turizem\/wp-content\/uploads\/2020\/06\/IMG_9566.jpeg 600w, http:\/\/pohorje-turizem.com\/turizem\/wp-content\/uploads\/2020\/06\/IMG_9566-250x333.jpeg 250w, http:\/\/pohorje-turizem.com\/turizem\/wp-content\/uploads\/2020\/06\/IMG_9566-120x160.jpeg 120w\" sizes=\"(max-width: 600px) 100vw, 600px\" \/><\/a><\/figure><\/li><\/ul>\n","protected":false},"excerpt":{"rendered":"FLOATING HOUSE Marina Portoro\u017e Bivalno plovilo v prijetnem zavetju Marine Portoro\u017e Floating Sea House Marina Portoroz je privezana plavajo\u010da hi\u0161ica v marini Portoro\u017e. Klimatizirana nastanitev s stre\u0161no teraso za son\u010denje z le\u017ealniki in lastno masa\u017eno vro\u010do kopeljo s pogledom na morje in mesto Portoro\u017e. Terasa je opremljena z moderno tendo na elektri\u010dni pogon. Na voljo&#8230; <a class=\"view-article\" href=\"http:\/\/pohorje-turizem.com\/turizem\/floating-house\">View Article<\/a>","protected":false},"author":1,"featured_media":0,"parent":0,"menu_order":0,"comment_status":"closed","ping_status":"closed","template":"","meta":[],"_links":{"self":[{"href":"http:\/\/pohorje-turizem.com\/turizem\/wp-json\/wp\/v2\/pages\/7713"}],"collection":[{"href":"http:\/\/pohorje-turizem.com\/turizem\/wp-json\/wp\/v2\/pages"}],"about":[{"href":"http:\/\/pohorje-turizem.com\/turizem\/wp-json\/wp\/v2\/types\/page"}],"author":[{"embeddable":true,"href":"http:\/\/pohorje-turizem.com\/turizem\/wp-json\/wp\/v2\/users\/1"}],"replies":[{"embeddable":true,"href":"http:\/\/pohorje-turizem.com\/turizem\/wp-json\/wp\/v2\/comments?post=7713"}],"version-history":[{"count":11,"href":"http:\/\/pohorje-turizem.com\/turizem\/wp-json\/wp\/v2\/pages\/7713\/revisions"}],"predecessor-version":[{"id":7753,"href":"http:\/\/pohorje-turizem.com\/turizem\/wp-json\/wp\/v2\/pages\/7713\/revisions\/7753"}],"wp:attachment":[{"href":"http:\/\/pohorje-turizem.com\/turizem\/wp-json\/wp\/v2\/media?parent=7713"}],"curies":[{"name":"wp","href":"https:\/\/api.w.org\/{rel}","templated":true}]}}