{"id":8043,"date":"2020-06-10T09:10:53","date_gmt":"2020-06-10T09:10:53","guid":{"rendered":"http:\/\/pohorje-turizem.com\/turizem\/floating-house"},"modified":"2020-07-29T20:22:45","modified_gmt":"2020-07-29T20:22:45","slug":"floating-house","status":"publish","type":"page","link":"http:\/\/pohorje-turizem.com\/turizem\/en\/floating-house","title":{"rendered":"FLOATING HOUSE"},"content":{"rendered":"\n<h2 class=\"wp-block-heading\">FLOATING HOUSE Marina Portoro\u017e<\/h2>\n\n\n\n<h2 class=\"wp-block-heading\"> <br>FLOATING SEA HOUSE AT A PLEASANT LOCATION OF PORTORO\u017d MARINA<br><\/h2>\n\n\n\n<p>MM boat &#8211; Floating Sea House Portoro\u017e Marina is a floating house tied at the Portoro\u017e Marina boasting air condition and a rooftop terrace with sun loungers and a jacuzzi with ocean view and view of the Portoro\u017e town. The terrace is furnished with a sun shelter being remote controlled.<\/p>\n\n\n\n<p>Our accommodation boasts free wi-fi and free private parking.<\/p>\n\n\n\n<p>Our accommodation which is furnished in a modern way provides you with 2 bedrooms, a totally furnished kitchen with a dish washer, a wine cooler and a living room with an extendable sofa as well as a flat screen TV. The private bathroom boasts a modern shower and a hair dryer, as well as you are provided with towels and bed linen.<\/p>\n\n\n\n<p>Your yacht can be moored at a private quay close to our accommodation which is located at one of the best evaluated locations in the town of Portoro\u017e. In comparison to other accommodations in this town guests are more satisfied with our floating sea house.<\/p>\n\n\n\n<p><strong>Price per Night: <\/strong><\/p>\n\n\n\n<figure class=\"wp-block-table\"><table><tbody><tr><td>   <strong>PRICE<\/strong><\/td><td>   <strong>TERM<\/strong><\/td><\/tr><tr><td>\n  <strong>263\u20ac<\/strong>\n  <\/td><td>\n  (22. 06. \u2013 02. 09.) (30. 12. \u2013 02. 01.)\n  <\/td><\/tr><tr><td>\n  <strong>175\u20ac<\/strong>\n  <\/td><td>\n  (01. 06. \u2013 21. 06.) (03. 09. \u2013 30. 09.)\n  <\/td><\/tr><tr><td>\n  <strong>142\u20ac<\/strong>\n  <\/td><td>\n  (30. 03. \u2013 31. 05) (01. 10 \u2013 04. 11.)\n  <\/td><\/tr><tr><td>\n  <strong>120\u20ac<\/strong>\n  <\/td><td>\n  (03. 01. \u2013 29. 03.) (05.11.-29.12.)\n  <\/td><\/tr><\/tbody><\/table><\/figure>\n\n\n\n<h5 class=\"wp-block-heading\">Additional payment<\/h5>\n\n\n\n<ul><li>Registration fee: 1.50 \u20ac\/person (at the reception desk)<\/li><li>Tourist tax: 2.50 \u20ac\/person\/day; children from the age of 7 to 17.99 years: 1.25 \u20ac\/person\/day (at the reception desk)<\/li><li>Cleaning for the time of staying 45\u20ac<\/li><li>Usage of private jacuzzi (jacuzzi on the rooftop terrace) 80\u20ac for the time of staying<\/li><li><strong>Optional<\/strong>: breakfast 11\u20ac\/person\/ day at the Marina Restaurant<\/li><\/ul>\n\n\n\n<figure class=\"wp-block-gallery columns-4 is-cropped wp-block-gallery-1 is-layout-flex\"><ul class=\"blocks-gallery-grid\"><li class=\"blocks-gallery-item\"><figure><a href=\"http:\/\/pohorje-turizem.com\/turizem\/wp-content\/uploads\/2020\/06\/IMG_1443-700x525.jpeg\"><img decoding=\"async\" loading=\"lazy\" width=\"700\" height=\"525\" src=\"http:\/\/pohorje-turizem.com\/turizem\/wp-content\/uploads\/2020\/06\/IMG_1443-700x525.jpeg\" alt=\"\" data-id=\"7735\" data-link=\"http:\/\/pohorje-turizem.com\/turizem\/floating-house\/attachment\/img_1443\" class=\"wp-image-7735\" srcset=\"http:\/\/pohorje-turizem.com\/turizem\/wp-content\/uploads\/2020\/06\/IMG_1443.jpeg 700w, http:\/\/pohorje-turizem.com\/turizem\/wp-content\/uploads\/2020\/06\/IMG_1443-250x188.jpeg 250w, http:\/\/pohorje-turizem.com\/turizem\/wp-content\/uploads\/2020\/06\/IMG_1443-120x90.jpeg 120w\" sizes=\"(max-width: 700px) 100vw, 700px\" \/><\/a><\/figure><\/li><li class=\"blocks-gallery-item\"><figure><a href=\"http:\/\/pohorje-turizem.com\/turizem\/wp-content\/uploads\/2020\/06\/IMG_2855-700x525.jpeg\"><img decoding=\"async\" loading=\"lazy\" width=\"700\" height=\"525\" src=\"http:\/\/pohorje-turizem.com\/turizem\/wp-content\/uploads\/2020\/06\/IMG_2855-700x525.jpeg\" alt=\"\" data-id=\"7736\" data-link=\"http:\/\/pohorje-turizem.com\/turizem\/floating-house\/attachment\/img_2855\" class=\"wp-image-7736\" srcset=\"http:\/\/pohorje-turizem.com\/turizem\/wp-content\/uploads\/2020\/06\/IMG_2855.jpeg 700w, http:\/\/pohorje-turizem.com\/turizem\/wp-content\/uploads\/2020\/06\/IMG_2855-250x188.jpeg 250w, http:\/\/pohorje-turizem.com\/turizem\/wp-content\/uploads\/2020\/06\/IMG_2855-120x90.jpeg 120w\" sizes=\"(max-width: 700px) 100vw, 700px\" \/><\/a><\/figure><\/li><li class=\"blocks-gallery-item\"><figure><a href=\"http:\/\/pohorje-turizem.com\/turizem\/wp-content\/uploads\/2020\/06\/IMG_3086-700x525.jpeg\"><img decoding=\"async\" loading=\"lazy\" width=\"700\" height=\"525\" src=\"http:\/\/pohorje-turizem.com\/turizem\/wp-content\/uploads\/2020\/06\/IMG_3086-700x525.jpeg\" alt=\"\" data-id=\"7737\" data-link=\"http:\/\/pohorje-turizem.com\/turizem\/floating-house\/attachment\/img_3086\" class=\"wp-image-7737\" srcset=\"http:\/\/pohorje-turizem.com\/turizem\/wp-content\/uploads\/2020\/06\/IMG_3086.jpeg 700w, http:\/\/pohorje-turizem.com\/turizem\/wp-content\/uploads\/2020\/06\/IMG_3086-250x188.jpeg 250w, http:\/\/pohorje-turizem.com\/turizem\/wp-content\/uploads\/2020\/06\/IMG_3086-120x90.jpeg 120w\" sizes=\"(max-width: 700px) 100vw, 700px\" \/><\/a><\/figure><\/li><li class=\"blocks-gallery-item\"><figure><a href=\"http:\/\/pohorje-turizem.com\/turizem\/wp-content\/uploads\/2020\/06\/IMG_6000-700x525.jpeg\"><img decoding=\"async\" loading=\"lazy\" width=\"700\" height=\"525\" src=\"http:\/\/pohorje-turizem.com\/turizem\/wp-content\/uploads\/2020\/06\/IMG_6000-700x525.jpeg\" alt=\"\" data-id=\"7738\" data-link=\"http:\/\/pohorje-turizem.com\/turizem\/floating-house\/attachment\/img_6000\" class=\"wp-image-7738\" srcset=\"http:\/\/pohorje-turizem.com\/turizem\/wp-content\/uploads\/2020\/06\/IMG_6000.jpeg 700w, http:\/\/pohorje-turizem.com\/turizem\/wp-content\/uploads\/2020\/06\/IMG_6000-250x188.jpeg 250w, http:\/\/pohorje-turizem.com\/turizem\/wp-content\/uploads\/2020\/06\/IMG_6000-120x90.jpeg 120w\" sizes=\"(max-width: 700px) 100vw, 700px\" \/><\/a><\/figure><\/li><li class=\"blocks-gallery-item\"><figure><a href=\"http:\/\/pohorje-turizem.com\/turizem\/wp-content\/uploads\/2020\/06\/IMG_6460-700x525.jpeg\"><img decoding=\"async\" loading=\"lazy\" width=\"700\" height=\"525\" src=\"http:\/\/pohorje-turizem.com\/turizem\/wp-content\/uploads\/2020\/06\/IMG_6460-700x525.jpeg\" alt=\"\" data-id=\"7739\" data-link=\"http:\/\/pohorje-turizem.com\/turizem\/floating-house\/attachment\/img_6460\" class=\"wp-image-7739\" srcset=\"http:\/\/pohorje-turizem.com\/turizem\/wp-content\/uploads\/2020\/06\/IMG_6460.jpeg 700w, http:\/\/pohorje-turizem.com\/turizem\/wp-content\/uploads\/2020\/06\/IMG_6460-250x188.jpeg 250w, http:\/\/pohorje-turizem.com\/turizem\/wp-content\/uploads\/2020\/06\/IMG_6460-120x90.jpeg 120w\" sizes=\"(max-width: 700px) 100vw, 700px\" \/><\/a><\/figure><\/li><li class=\"blocks-gallery-item\"><figure><a href=\"http:\/\/pohorje-turizem.com\/turizem\/wp-content\/uploads\/2020\/06\/IMG_9327-700x525.jpeg\"><img decoding=\"async\" loading=\"lazy\" width=\"700\" height=\"525\" src=\"http:\/\/pohorje-turizem.com\/turizem\/wp-content\/uploads\/2020\/06\/IMG_9327-700x525.jpeg\" alt=\"\" data-id=\"7740\" data-link=\"http:\/\/pohorje-turizem.com\/turizem\/floating-house\/attachment\/img_9327\" class=\"wp-image-7740\" srcset=\"http:\/\/pohorje-turizem.com\/turizem\/wp-content\/uploads\/2020\/06\/IMG_9327.jpeg 700w, http:\/\/pohorje-turizem.com\/turizem\/wp-content\/uploads\/2020\/06\/IMG_9327-250x188.jpeg 250w, http:\/\/pohorje-turizem.com\/turizem\/wp-content\/uploads\/2020\/06\/IMG_9327-120x90.jpeg 120w\" sizes=\"(max-width: 700px) 100vw, 700px\" \/><\/a><\/figure><\/li><li class=\"blocks-gallery-item\"><figure><a href=\"http:\/\/pohorje-turizem.com\/turizem\/wp-content\/uploads\/2020\/06\/IMG_9372-700x525.jpeg\"><img decoding=\"async\" loading=\"lazy\" width=\"700\" height=\"525\" src=\"http:\/\/pohorje-turizem.com\/turizem\/wp-content\/uploads\/2020\/06\/IMG_9372-700x525.jpeg\" alt=\"\" data-id=\"7741\" data-link=\"http:\/\/pohorje-turizem.com\/turizem\/floating-house\/attachment\/img_9372\" class=\"wp-image-7741\" srcset=\"http:\/\/pohorje-turizem.com\/turizem\/wp-content\/uploads\/2020\/06\/IMG_9372.jpeg 700w, http:\/\/pohorje-turizem.com\/turizem\/wp-content\/uploads\/2020\/06\/IMG_9372-250x188.jpeg 250w, http:\/\/pohorje-turizem.com\/turizem\/wp-content\/uploads\/2020\/06\/IMG_9372-120x90.jpeg 120w\" sizes=\"(max-width: 700px) 100vw, 700px\" \/><\/a><\/figure><\/li><li class=\"blocks-gallery-item\"><figure><a href=\"http:\/\/pohorje-turizem.com\/turizem\/wp-content\/uploads\/2020\/06\/IMG_7977-700x525.jpeg\"><img decoding=\"async\" loading=\"lazy\" width=\"700\" height=\"525\" src=\"http:\/\/pohorje-turizem.com\/turizem\/wp-content\/uploads\/2020\/06\/IMG_7977-700x525.jpeg\" alt=\"\" data-id=\"7746\" data-link=\"http:\/\/pohorje-turizem.com\/turizem\/floating-house\/attachment\/img_7977\" class=\"wp-image-7746\" srcset=\"http:\/\/pohorje-turizem.com\/turizem\/wp-content\/uploads\/2020\/06\/IMG_7977.jpeg 700w, http:\/\/pohorje-turizem.com\/turizem\/wp-content\/uploads\/2020\/06\/IMG_7977-250x188.jpeg 250w, http:\/\/pohorje-turizem.com\/turizem\/wp-content\/uploads\/2020\/06\/IMG_7977-120x90.jpeg 120w\" sizes=\"(max-width: 700px) 100vw, 700px\" \/><\/a><\/figure><\/li><\/ul><\/figure>\n\n\n\n<figure class=\"wp-block-gallery columns-5 is-cropped wp-block-gallery-3 is-layout-flex\"><ul class=\"blocks-gallery-grid\"><li class=\"blocks-gallery-item\"><figure><a href=\"http:\/\/pohorje-turizem.com\/turizem\/wp-content\/uploads\/2020\/06\/IMG_3788.jpeg\"><img decoding=\"async\" loading=\"lazy\" width=\"600\" height=\"799\" src=\"http:\/\/pohorje-turizem.com\/turizem\/wp-content\/uploads\/2020\/06\/IMG_3788.jpeg\" alt=\"\" data-id=\"7747\" data-link=\"http:\/\/pohorje-turizem.com\/turizem\/floating-house\/attachment\/img_3788\" class=\"wp-image-7747\" srcset=\"http:\/\/pohorje-turizem.com\/turizem\/wp-content\/uploads\/2020\/06\/IMG_3788.jpeg 600w, http:\/\/pohorje-turizem.com\/turizem\/wp-content\/uploads\/2020\/06\/IMG_3788-250x333.jpeg 250w, http:\/\/pohorje-turizem.com\/turizem\/wp-content\/uploads\/2020\/06\/IMG_3788-120x160.jpeg 120w\" sizes=\"(max-width: 600px) 100vw, 600px\" \/><\/a><\/figure><\/li><li class=\"blocks-gallery-item\"><figure><a href=\"http:\/\/pohorje-turizem.com\/turizem\/wp-content\/uploads\/2020\/06\/IMG_4536.jpeg\"><img decoding=\"async\" loading=\"lazy\" width=\"600\" height=\"799\" src=\"http:\/\/pohorje-turizem.com\/turizem\/wp-content\/uploads\/2020\/06\/IMG_4536.jpeg\" alt=\"\" data-id=\"7748\" data-link=\"http:\/\/pohorje-turizem.com\/turizem\/floating-house\/attachment\/img_4536\" class=\"wp-image-7748\" srcset=\"http:\/\/pohorje-turizem.com\/turizem\/wp-content\/uploads\/2020\/06\/IMG_4536.jpeg 600w, http:\/\/pohorje-turizem.com\/turizem\/wp-content\/uploads\/2020\/06\/IMG_4536-250x333.jpeg 250w, http:\/\/pohorje-turizem.com\/turizem\/wp-content\/uploads\/2020\/06\/IMG_4536-120x160.jpeg 120w\" sizes=\"(max-width: 600px) 100vw, 600px\" \/><\/a><\/figure><\/li><li class=\"blocks-gallery-item\"><figure><a href=\"http:\/\/pohorje-turizem.com\/turizem\/wp-content\/uploads\/2020\/06\/IMG_6041.jpeg\"><img decoding=\"async\" loading=\"lazy\" width=\"600\" height=\"799\" src=\"http:\/\/pohorje-turizem.com\/turizem\/wp-content\/uploads\/2020\/06\/IMG_6041.jpeg\" alt=\"\" data-id=\"7749\" data-link=\"http:\/\/pohorje-turizem.com\/turizem\/floating-house\/attachment\/img_6041\" class=\"wp-image-7749\" srcset=\"http:\/\/pohorje-turizem.com\/turizem\/wp-content\/uploads\/2020\/06\/IMG_6041.jpeg 600w, http:\/\/pohorje-turizem.com\/turizem\/wp-content\/uploads\/2020\/06\/IMG_6041-250x333.jpeg 250w, http:\/\/pohorje-turizem.com\/turizem\/wp-content\/uploads\/2020\/06\/IMG_6041-120x160.jpeg 120w\" sizes=\"(max-width: 600px) 100vw, 600px\" \/><\/a><\/figure><\/li><li class=\"blocks-gallery-item\"><figure><a href=\"http:\/\/pohorje-turizem.com\/turizem\/wp-content\/uploads\/2020\/06\/IMG_9363.jpeg\"><img decoding=\"async\" loading=\"lazy\" width=\"600\" height=\"799\" src=\"http:\/\/pohorje-turizem.com\/turizem\/wp-content\/uploads\/2020\/06\/IMG_9363.jpeg\" alt=\"\" data-id=\"7750\" data-link=\"http:\/\/pohorje-turizem.com\/turizem\/floating-house\/attachment\/img_9363\" class=\"wp-image-7750\" srcset=\"http:\/\/pohorje-turizem.com\/turizem\/wp-content\/uploads\/2020\/06\/IMG_9363.jpeg 600w, http:\/\/pohorje-turizem.com\/turizem\/wp-content\/uploads\/2020\/06\/IMG_9363-250x333.jpeg 250w, http:\/\/pohorje-turizem.com\/turizem\/wp-content\/uploads\/2020\/06\/IMG_9363-120x160.jpeg 120w\" sizes=\"(max-width: 600px) 100vw, 600px\" \/><\/a><\/figure><\/li><li class=\"blocks-gallery-item\"><figure><a href=\"http:\/\/pohorje-turizem.com\/turizem\/wp-content\/uploads\/2020\/06\/IMG_9566.jpeg\"><img decoding=\"async\" loading=\"lazy\" width=\"600\" height=\"799\" src=\"http:\/\/pohorje-turizem.com\/turizem\/wp-content\/uploads\/2020\/06\/IMG_9566.jpeg\" alt=\"\" data-id=\"7751\" data-link=\"http:\/\/pohorje-turizem.com\/turizem\/floating-house\/attachment\/img_9566\" class=\"wp-image-7751\" srcset=\"http:\/\/pohorje-turizem.com\/turizem\/wp-content\/uploads\/2020\/06\/IMG_9566.jpeg 600w, http:\/\/pohorje-turizem.com\/turizem\/wp-content\/uploads\/2020\/06\/IMG_9566-250x333.jpeg 250w, http:\/\/pohorje-turizem.com\/turizem\/wp-content\/uploads\/2020\/06\/IMG_9566-120x160.jpeg 120w\" sizes=\"(max-width: 600px) 100vw, 600px\" \/><\/a><\/figure><\/li><\/ul><\/figure>\n","protected":false},"excerpt":{"rendered":"FLOATING HOUSE Marina Portoro\u017e FLOATING SEA HOUSE AT A PLEASANT LOCATION OF PORTORO\u017d MARINA MM boat &#8211; Floating Sea House Portoro\u017e Marina is a floating house tied at the Portoro\u017e Marina boasting air condition and a rooftop terrace with sun loungers and a jacuzzi with ocean view and view of the Portoro\u017e town. The terrace&#8230; <a class=\"view-article\" href=\"http:\/\/pohorje-turizem.com\/turizem\/en\/floating-house\">View Article<\/a>","protected":false},"author":1,"featured_media":0,"parent":0,"menu_order":0,"comment_status":"closed","ping_status":"closed","template":"","meta":[],"_links":{"self":[{"href":"http:\/\/pohorje-turizem.com\/turizem\/wp-json\/wp\/v2\/pages\/8043"}],"collection":[{"href":"http:\/\/pohorje-turizem.com\/turizem\/wp-json\/wp\/v2\/pages"}],"about":[{"href":"http:\/\/pohorje-turizem.com\/turizem\/wp-json\/wp\/v2\/types\/page"}],"author":[{"embeddable":true,"href":"http:\/\/pohorje-turizem.com\/turizem\/wp-json\/wp\/v2\/users\/1"}],"replies":[{"embeddable":true,"href":"http:\/\/pohorje-turizem.com\/turizem\/wp-json\/wp\/v2\/comments?post=8043"}],"version-history":[{"count":1,"href":"http:\/\/pohorje-turizem.com\/turizem\/wp-json\/wp\/v2\/pages\/8043\/revisions"}],"predecessor-version":[{"id":8103,"href":"http:\/\/pohorje-turizem.com\/turizem\/wp-json\/wp\/v2\/pages\/8043\/revisions\/8103"}],"wp:attachment":[{"href":"http:\/\/pohorje-turizem.com\/turizem\/wp-json\/wp\/v2\/media?parent=8043"}],"curies":[{"name":"wp","href":"https:\/\/api.w.org\/{rel}","templated":true}]}}