{"id":8450,"date":"2023-06-19T10:17:25","date_gmt":"2023-06-19T10:17:25","guid":{"rendered":"http:\/\/pohorje-turizem.com\/turizem?page_id=8450"},"modified":"2023-06-19T10:18:26","modified_gmt":"2023-06-19T10:18:26","slug":"dozivetja-bolfenk","status":"publish","type":"page","link":"http:\/\/pohorje-turizem.com\/turizem\/dozivetja-bolfenk","title":{"rendered":"Do\u017eivetja Bolfenk"},"content":{"rendered":"\n<p class=\"has-text-align-center\"><strong>Naziv projekta: Do\u017eivetja Bolfenk<\/strong><\/p>\n\n\n\n<div class=\"wp-block-image\"><figure class=\"aligncenter size-large\"><img decoding=\"async\" loading=\"lazy\" width=\"436\" height=\"145\" src=\"http:\/\/pohorje-turizem.com\/turizem\/wp-content\/uploads\/2023\/06\/l_173238_1.jpg\" alt=\"\" class=\"wp-image-8451\" srcset=\"http:\/\/pohorje-turizem.com\/turizem\/wp-content\/uploads\/2023\/06\/l_173238_1.jpg 436w, http:\/\/pohorje-turizem.com\/turizem\/wp-content\/uploads\/2023\/06\/l_173238_1-250x83.jpg 250w, http:\/\/pohorje-turizem.com\/turizem\/wp-content\/uploads\/2023\/06\/l_173238_1-120x40.jpg 120w\" sizes=\"(max-width: 436px) 100vw, 436px\" \/><\/figure><\/div>\n\n\n\n<p>Mariborsko Pohorje, skrajni severno vzhodni del Pohorja, je dobilo ime po drugem najve\u010djem mestu v Sloveniji.<\/p>\n\n\n\n<p>Dnevno se sprehodi od vzno\u017eja Pohorja v Radvanju do vrha Pohorja (Bellevue, Bolfenk, Razglednik) veliko \u0161tevilo ljudi. Obiskovalci so razli\u010dne interesne skupine: sprehajalci, rekreativci, planinci, kolesarji &#8230;, posamezniki, dru\u017eine, mladostniki, otroci, &#8230; Dostop omogo\u010da tudi prevoz z gondolo na Bellevue (Pohorska vzpenja\u010da je v letu 2019 prepeljala 313.833 oseb). Okrevanje turizma po Covidu.19 zahteva \u0161e dodatna prizadevanja za izbolj\u0161anje turisti\u010dne ponudbe za privabljanje investitorjev v vlaganje v turisti\u010dno gospodarstvo na Pohorju. Investicije v nadgradnjo hotelov in drugih kapacitet na Mariborskem Pohorju potrebujejo atraktivno turisti\u010dno ponudbo, ki je mogo\u010da le s celovitim vsebinskih pristopom, ureditvijo in vzpostavitvijo interpretativnih in izkustvenih vsebin, ki bodo obiskovalcem\/turistom vseh starosti pa tudi invalidom skozi do\u017eivetja in igro omogo\u010dile nova spoznanja in z obiskom nagradila tiste, ki jih zanima narava in kulturna dedi\u0161\u010dina obmo\u010dja ter lepi razgledi.<\/p>\n\n\n\n<p>Glede na pomembnost obmo\u010dja smo se v okviru projekta \u00bbDo\u017eivetja Bolfenk\u00ab odlo\u010dili, da skozi pripravo programske naloge &#8211; elaborat celovite ureditve prostora od spodnje postaje vzpenja\u010de do trikotne jase in ko\u010de Luka, do Bellevuja in Bolfenka, pa vse do Razglednika in mariborskega dela Rozkine gozdne u\u010dne poti -preu\u010dimo mo\u017enosti celostne ureditve Mariborskega Pohorja, ki zajema pregled dejanskega stanja destinacije Mariborsko Pohorje, conacijo destinacije Mariborsko Pohorje na obmo\u010dja ter potencialne aktivnosti na Mariborskem Pohorju.<\/p>\n\n\n\n<p>S programsko nalogo bo obmo\u010dje dobilo nove in nadgrajene obstoje\u010de vsebine, predvsem pa celostno podobo in razlog za obisk v vseh letnih \u010dasih. Programska naloga z identifikacijo vsebin in conacijo aktivnosti bo osnova za pripravo arhitekturnih re\u0161itev in investicijskih projektov za celovito ureditev turisti\u010dnega obmo\u010dja z ustrezno komunalno in turisti\u010dno infrastrukturo. Z oblikovanjem edukativnega programa bo pripravljeno gradivo in izvedena usposabljanja za izvajalce vsebin (vodnike, turisti\u010dne delavnice) ter e-bro\u0161ura s ciljem ozave\u0161\u010danja o pomenu narave in kulturne dedi\u0161\u010dine obmo\u010dja in njegovih raznoterih vsebin (otroke, dru\u017eine in \u0161ir\u0161o javnost).<\/p>\n\n\n\n<p>Aktivnosti projekta predvidevajo tudi delno implementacijo programske naloge z izvedbo postavitev nekaterih izkustvenih, edukativnih in do\u017eivljajskih to\u010dk v naravi na obmo\u010dju Bolfenka: postavitev razpr\u0161enega izkustvenega in do\u017eivljajskega obmo\u010dja \u00bbIgrarije Bellevue-Bolfenk\u00ab z Alpinetumom, energetsko to\u010dko, foto to\u010dko in igralnimi elementi ter razgledi\u0161\u010de \u00bbNad Lukejem\u00ab ter \u017ee zgoraj omenjen program edukacije in ozave\u0161\u010danja o vsebinah Mariborskega Pohorja.<\/p>\n\n\n\n<p><strong>Cilji operacije:<\/strong><\/p>\n\n\n\n<ul><li>Identifikacija vsebin (naravnih, kulturnih, edukativnih, \u0161portnih, \u2026) na Mariborskem Pohorju.<\/li><li>Izvedba postavitve razpr\u0161enega izkustvenega in do\u017eivljajskega obmo\u010dja \u00bbIgrarije Bolfenk\u00ab in razgledi\u0161\u010da \u00bbNad Lukejem\u00ab.<\/li><li>Oblikovanje programa edukacije in ozave\u0161\u010danja o vsebinah Mariborskega Pohorja.<\/li><li>Oblikovanje modela programa vodenih do\u017eivetij za tri ciljne skupine.<\/li><\/ul>\n\n\n\n<p><strong>Aktivnosti operacije:<\/strong><\/p>\n\n\n\n<ul><li>Analiza stanja in priprava elaborata programske naloge celostne ureditve Mariborskega Pohorja.<\/li><li>Priprava programa edukacije in ozave\u0161\u010danja o vsebinah Mariborskega Pohorja z e-bro\u0161uro in oblikovanim modelom programa vodenih do\u017eivetij za tri ciljne skupine.<\/li><li>Implementacije programske naloge z izvedbo postavitev infrastrukturnih elementov v naravi na petih mikrolokacijah za razpr\u0161eni izkustveno do\u017eivljajski poligon Igrarije Bellevue-Bolfenk in razgledi\u0161\u010de \u00bbNad Lukejem\u00ab.<\/li><\/ul>\n\n\n\n<p><strong>Rezultati operacije:<\/strong><\/p>\n\n\n\n<ul><li>Izgrajen celovit pristop do vsebinskega urejanja in upravljanja s turisti\u010dnim obmo\u010djem skozi elaborat programske naloge celostne ureditve Mariborskega Pohorja.<\/li><li>Pripravljen program edukacije z izdelano e-bro\u0161uro za izvajalce vsebin in za ozave\u0161\u010danje obiskovalcev (predvsem mladih) o mo\u017enostih do\u017eivljanja razli\u010dnih vsebin Mariborskega Pohorja.<\/li><li>Izdelan model programa vodenih do\u017eivetij za tri ciljne skupine.<\/li><li>Vzpostavljene edukativne, izkustvene in do\u017eivljajske to\u010dke z atraktivnimi infrastrukturnimi elementi in urbano opremo opremljeno z informacijskimi tablami in zemljevidi: alpinetum, energetska to\u010dka, foto to\u010dka Bolfenk, lesena igrala Bellevue in razgledi\u0161\u010de \u00bbNad Lukejem\u00ab.<\/li><\/ul>\n\n\n\n<p>Z omenjenimi aktivnostmi bomo pri\u010deli na Pohorju graditi uspe\u0161no zgodbo, ki bo zanimiva tako za turiste omenjenega obmo\u010dja kakor tudi za lokalno prebivalstvo, ki svoj \u00bbhrib\u00ab obiskuje vsakodnevno.<\/p>\n\n\n\n<p><strong>Vodilni partner:&nbsp;<\/strong>Mestna ob\u010dina Maribor.<\/p>\n\n\n\n<p><strong>Projektno partnerstvo:&nbsp;<\/strong>Regionalna razvojna agencija za Podravje &#8211; Maribor, Hortikulturno dru\u0161tvo Maribor in Turisti\u010dna agencija Pohorje turizem.<\/p>\n\n\n\n<p><strong>Trajanje projekta:<\/strong>&nbsp;2021\u20132022.<\/p>\n\n\n\n<p><strong>Skupna vrednost projekta:&nbsp;<\/strong>78.315,00 EUR, od tega je predvidenih 60.608,62 EUR nepovratnih sredstev.<br><br><strong>Vir financiranja:&nbsp;<\/strong>MKGP, sklad EKSRP (do 85 % upravi\u010denih stro\u0161kov)<br><br>Spletna stran Evropske komisije, namenjene EKSRP:&nbsp;<a href=\"https:\/\/ec.europa.eu\/info\/food-farming-fisheries\/key-policies\/common-agricultural-policy\/rural-development\">https:\/\/ec.europa.eu\/info\/food-farming-fisheries\/key-policies\/common-agricultural-policy\/rural-development<\/a><\/p>\n\n\n\n<p>Spletna stran Programa razvoja pode\u017eelja:&nbsp;<a href=\"http:\/\/www.program-podezelja.si\/\">www.program-podezelja.si\/<\/a><\/p>\n","protected":false},"excerpt":{"rendered":"Naziv projekta: Do\u017eivetja Bolfenk Mariborsko Pohorje, skrajni severno vzhodni del Pohorja, je dobilo ime po drugem najve\u010djem mestu v Sloveniji. Dnevno se sprehodi od vzno\u017eja Pohorja v Radvanju do vrha Pohorja (Bellevue, Bolfenk, Razglednik) veliko \u0161tevilo ljudi. Obiskovalci so razli\u010dne interesne skupine: sprehajalci, rekreativci, planinci, kolesarji &#8230;, posamezniki, dru\u017eine, mladostniki, otroci, &#8230; Dostop omogo\u010da tudi&#8230; <a class=\"view-article\" href=\"http:\/\/pohorje-turizem.com\/turizem\/dozivetja-bolfenk\">View Article<\/a>","protected":false},"author":1,"featured_media":0,"parent":0,"menu_order":0,"comment_status":"closed","ping_status":"closed","template":"","meta":[],"_links":{"self":[{"href":"http:\/\/pohorje-turizem.com\/turizem\/wp-json\/wp\/v2\/pages\/8450"}],"collection":[{"href":"http:\/\/pohorje-turizem.com\/turizem\/wp-json\/wp\/v2\/pages"}],"about":[{"href":"http:\/\/pohorje-turizem.com\/turizem\/wp-json\/wp\/v2\/types\/page"}],"author":[{"embeddable":true,"href":"http:\/\/pohorje-turizem.com\/turizem\/wp-json\/wp\/v2\/users\/1"}],"replies":[{"embeddable":true,"href":"http:\/\/pohorje-turizem.com\/turizem\/wp-json\/wp\/v2\/comments?post=8450"}],"version-history":[{"count":2,"href":"http:\/\/pohorje-turizem.com\/turizem\/wp-json\/wp\/v2\/pages\/8450\/revisions"}],"predecessor-version":[{"id":8453,"href":"http:\/\/pohorje-turizem.com\/turizem\/wp-json\/wp\/v2\/pages\/8450\/revisions\/8453"}],"wp:attachment":[{"href":"http:\/\/pohorje-turizem.com\/turizem\/wp-json\/wp\/v2\/media?parent=8450"}],"curies":[{"name":"wp","href":"https:\/\/api.w.org\/{rel}","templated":true}]}}