{"id":95,"date":"2015-02-03T12:38:22","date_gmt":"2015-02-03T12:38:22","guid":{"rendered":"http:\/\/pohorje-turizem.com\/turizem\/?page_id=95"},"modified":"2015-02-06T13:28:04","modified_gmt":"2015-02-06T13:28:04","slug":"lokacija","status":"publish","type":"page","link":"http:\/\/pohorje-turizem.com\/turizem\/lokacija","title":{"rendered":"Lokacija"},"content":{"rendered":"<p>Turisti\u010dno agencijo in avtoprevozn\u0161tvo Pohore Tours lahko najdete na NOVI LOKACIJI, in sicer v <strong>dvoj\u010dek stavbi rjavo oker barve v bli\u017eini Tu\u0161a, Inposa, \u0160para in Lidla.<\/strong><\/p>\n<p>\u010ce prihajate po avtocsti:<\/p>\n<p>* izvoz Slovenska Bistrica JUG<\/p>\n<p>* v prvem kro\u017ei\u0161\u010du zavijete DESNO<\/p>\n<p>* v drugem kro\u017ei\u0161\u010du zavijete LEVO<\/p>\n<p>in tu smo mi&#8230;.<\/p>\n<p>Nov naslov je Romihova ulica 75, Slovenska Bistrica<\/p>\n<p><iframe loading=\"lazy\" style=\"border: 0px;\" src=\"https:\/\/www.google.com\/maps\/embed?pb=!1m14!1m8!1m3!1d2752.1178049292425!2d15.5724974!3d46.386888500000005!3m2!1i1024!2i768!4f13.1!3m3!1m2!1s0x476f7e25ae17bfd9%3A0x68794f5108b140d5!2sPohorje+turizem%2C+avtobusni+prevozi+in+turizem%2C+d.o.o.!5e0!3m2!1ssl!2ssi!4v1423129546382\" width=\"100%\" height=\"600px\" frameborder=\"0\"><\/iframe><\/p>\n\n\t\t<style type=\"text\/css\">\n\t\t\t#gallery-1 {\n\t\t\t\tmargin: auto;\n\t\t\t}\n\t\t\t#gallery-1 .gallery-item {\n\t\t\t\tfloat: left;\n\t\t\t\tmargin-top: 10px;\n\t\t\t\ttext-align: center;\n\t\t\t\twidth: 33%;\n\t\t\t}\n\t\t\t#gallery-1 img {\n\t\t\t\tborder: 2px solid #cfcfcf;\n\t\t\t}\n\t\t\t#gallery-1 .gallery-caption {\n\t\t\t\tmargin-left: 0;\n\t\t\t}\n\t\t\t\/* see gallery_shortcode() in wp-includes\/media.php *\/\n\t\t<\/style>\n\t\t<div id='gallery-1' class='gallery galleryid-95 gallery-columns-3 gallery-size-thumbnail'><dl class='gallery-item'>\n\t\t\t<dt class='gallery-icon landscape'>\n\t\t\t\t<a href='http:\/\/pohorje-turizem.com\/turizem\/o-agenciji\/attachment\/pohorjetourszunaj'><img width=\"150\" height=\"150\" src=\"http:\/\/pohorje-turizem.com\/turizem\/wp-content\/uploads\/2015\/02\/pohorjetourszunaj-150x150.jpg\" class=\"attachment-thumbnail size-thumbnail\" alt=\"\" decoding=\"async\" loading=\"lazy\" srcset=\"http:\/\/pohorje-turizem.com\/turizem\/wp-content\/uploads\/2015\/02\/pohorjetourszunaj-150x150.jpg 150w, http:\/\/pohorje-turizem.com\/turizem\/wp-content\/uploads\/2015\/02\/pohorjetourszunaj-125x125.jpg 125w\" sizes=\"(max-width: 150px) 100vw, 150px\" \/><\/a>\n\t\t\t<\/dt><\/dl><dl class='gallery-item'>\n\t\t\t<dt class='gallery-icon landscape'>\n\t\t\t\t<a href='http:\/\/pohorje-turizem.com\/turizem\/o-agenciji\/attachment\/pohorjetourssprejemnapisarna'><img width=\"150\" height=\"150\" src=\"http:\/\/pohorje-turizem.com\/turizem\/wp-content\/uploads\/2015\/02\/pohorjetourssprejemnapisarna-150x150.jpg\" class=\"attachment-thumbnail size-thumbnail\" alt=\"\" decoding=\"async\" loading=\"lazy\" srcset=\"http:\/\/pohorje-turizem.com\/turizem\/wp-content\/uploads\/2015\/02\/pohorjetourssprejemnapisarna-150x150.jpg 150w, http:\/\/pohorje-turizem.com\/turizem\/wp-content\/uploads\/2015\/02\/pohorjetourssprejemnapisarna-125x125.jpg 125w\" sizes=\"(max-width: 150px) 100vw, 150px\" \/><\/a>\n\t\t\t<\/dt><\/dl><dl class='gallery-item'>\n\t\t\t<dt class='gallery-icon landscape'>\n\t\t\t\t<a href='http:\/\/pohorje-turizem.com\/turizem\/o-agenciji\/attachment\/pohorjetourspisarna1'><img width=\"150\" height=\"150\" src=\"http:\/\/pohorje-turizem.com\/turizem\/wp-content\/uploads\/2015\/02\/POHORJETOURSPISARNA1-150x150.jpg\" class=\"attachment-thumbnail size-thumbnail\" alt=\"\" decoding=\"async\" loading=\"lazy\" srcset=\"http:\/\/pohorje-turizem.com\/turizem\/wp-content\/uploads\/2015\/02\/POHORJETOURSPISARNA1-150x150.jpg 150w, http:\/\/pohorje-turizem.com\/turizem\/wp-content\/uploads\/2015\/02\/POHORJETOURSPISARNA1-125x125.jpg 125w\" sizes=\"(max-width: 150px) 100vw, 150px\" \/><\/a>\n\t\t\t<\/dt><\/dl><br style=\"clear: both\" \/>\n\t\t<\/div>\n\n","protected":false},"excerpt":{"rendered":"Turisti\u010dno agencijo in avtoprevozn\u0161tvo Pohore Tours lahko najdete na NOVI LOKACIJI, in sicer v dvoj\u010dek stavbi rjavo oker barve v bli\u017eini Tu\u0161a, Inposa, \u0160para in Lidla. \u010ce prihajate po avtocsti: * izvoz Slovenska Bistrica JUG * v prvem kro\u017ei\u0161\u010du zavijete DESNO * v drugem kro\u017ei\u0161\u010du zavijete LEVO in tu smo mi&#8230;. Nov naslov je Romihova&#8230; <a class=\"view-article\" href=\"http:\/\/pohorje-turizem.com\/turizem\/lokacija\">View Article<\/a>","protected":false},"author":1,"featured_media":0,"parent":0,"menu_order":0,"comment_status":"open","ping_status":"open","template":"navadna-template.php","meta":[],"_links":{"self":[{"href":"http:\/\/pohorje-turizem.com\/turizem\/wp-json\/wp\/v2\/pages\/95"}],"collection":[{"href":"http:\/\/pohorje-turizem.com\/turizem\/wp-json\/wp\/v2\/pages"}],"about":[{"href":"http:\/\/pohorje-turizem.com\/turizem\/wp-json\/wp\/v2\/types\/page"}],"author":[{"embeddable":true,"href":"http:\/\/pohorje-turizem.com\/turizem\/wp-json\/wp\/v2\/users\/1"}],"replies":[{"embeddable":true,"href":"http:\/\/pohorje-turizem.com\/turizem\/wp-json\/wp\/v2\/comments?post=95"}],"version-history":[{"count":7,"href":"http:\/\/pohorje-turizem.com\/turizem\/wp-json\/wp\/v2\/pages\/95\/revisions"}],"predecessor-version":[{"id":176,"href":"http:\/\/pohorje-turizem.com\/turizem\/wp-json\/wp\/v2\/pages\/95\/revisions\/176"}],"wp:attachment":[{"href":"http:\/\/pohorje-turizem.com\/turizem\/wp-json\/wp\/v2\/media?parent=95"}],"curies":[{"name":"wp","href":"https:\/\/api.w.org\/{rel}","templated":true}]}}